{"id":2630,"date":"2020-12-19T19:27:08","date_gmt":"2020-12-19T19:27:08","guid":{"rendered":"http:\/\/anatjegyzet.hu\/?page_id=2630"},"modified":"2023-01-09T10:39:42","modified_gmt":"2023-01-09T10:39:42","slug":"adatvedelem","status":"publish","type":"page","link":"https:\/\/anatjegyzet.hu\/?page_id=2630","title":{"rendered":"Adatkezel\u00e9si t\u00e1j\u00e9koztat\u00f3"},"content":{"rendered":"<p><script id=\"barat_script\">var st = document.createElement(\"script\");st.src = \"\/\/admin.fogyasztobarat.hu\/e-api.js\";st.type = \"text\/javascript\";st.setAttribute(\"data-id\", \"8JRMM36I\");st.setAttribute(\"id\", \"fbarat-embed\");st.setAttribute(\"data-type\", \"at\");var s = document.getElementById(\"barat_script\");s.parentNode.insertBefore(st, s);<\/script><\/p>\n","protected":false},"excerpt":{"rendered":"","protected":false},"author":2,"featured_media":0,"parent":0,"menu_order":0,"comment_status":"closed","ping_status":"closed","template":"","meta":{"footnotes":""},"class_list":["post-2630","page","type-page","status-publish","hentry"],"jetpack_sharing_enabled":true,"_links":{"self":[{"href":"https:\/\/anatjegyzet.hu\/index.php?rest_route=\/wp\/v2\/pages\/2630","targetHints":{"allow":["GET"]}}],"collection":[{"href":"https:\/\/anatjegyzet.hu\/index.php?rest_route=\/wp\/v2\/pages"}],"about":[{"href":"https:\/\/anatjegyzet.hu\/index.php?rest_route=\/wp\/v2\/types\/page"}],"author":[{"embeddable":true,"href":"https:\/\/anatjegyzet.hu\/index.php?rest_route=\/wp\/v2\/users\/2"}],"replies":[{"embeddable":true,"href":"https:\/\/anatjegyzet.hu\/index.php?rest_route=%2Fwp%2Fv2%2Fcomments&post=2630"}],"version-history":[{"count":7,"href":"https:\/\/anatjegyzet.hu\/index.php?rest_route=\/wp\/v2\/pages\/2630\/revisions"}],"predecessor-version":[{"id":3334,"href":"https:\/\/anatjegyzet.hu\/index.php?rest_route=\/wp\/v2\/pages\/2630\/revisions\/3334"}],"wp:attachment":[{"href":"https:\/\/anatjegyzet.hu\/index.php?rest_route=%2Fwp%2Fv2%2Fmedia&parent=2630"}],"curies":[{"name":"wp","href":"https:\/\/api.w.org\/{rel}","templated":true}]}}