{"id":2937,"date":"2021-04-24T12:37:56","date_gmt":"2021-04-24T12:37:56","guid":{"rendered":"http:\/\/anatjegyzet.hu\/?page_id=2937"},"modified":"2022-04-24T20:43:15","modified_gmt":"2022-04-24T20:43:15","slug":"sutik","status":"publish","type":"page","link":"https:\/\/anatjegyzet.hu\/?page_id=2937","title":{"rendered":"S\u00fctik"},"content":{"rendered":"<div class=\"cli_pg_page_contaner\">\n<div>Weboldalunkon \u201ecookie\u201d-kat (tov\u00e1bbiakban \u201es\u00fcti\u201d) alkalmazunk. Ezek olyan f\u00e1jlok, melyek inform\u00e1ci\u00f3t t\u00e1rolnak webes b\u00f6ng\u00e9sz\u0151j\u00e9ben. Ehhez az \u00d6n hozz\u00e1j\u00e1rul\u00e1sa sz\u00fcks\u00e9ges.<\/div>\n<div><\/div>\n<div>A \u201es\u00fctiket\u201d az elektronikus h\u00edrk\u00f6zl\u00e9sr\u0151l sz\u00f3l\u00f3 2003. \u00e9vi C. t\u00f6rv\u00e9ny, az elektronikus kereskedelmi szolg\u00e1ltat\u00e1sok, az inform\u00e1ci\u00f3s t\u00e1rsadalommal \u00f6sszef\u00fcgg\u0151 szolg\u00e1ltat\u00e1sok egyes k\u00e9rd\u00e9seir\u0151l sz\u00f3l\u00f3 2001. \u00e9vi CVIII. t\u00f6rv\u00e9ny, valamint az Eur\u00f3pai Uni\u00f3 el\u0151\u00edr\u00e1sainak megfelel\u0151en haszn\u00e1ljuk.<\/div>\n<div><\/div>\n<div>Azon weblapoknak, melyek az Eur\u00f3pai Uni\u00f3 orsz\u00e1gain bel\u00fcl m\u0171k\u00f6dnek, a \u201es\u00fctik\u201d haszn\u00e1lat\u00e1hoz, \u00e9s ezeknek a felhaszn\u00e1l\u00f3 sz\u00e1m\u00edt\u00f3g\u00e9p\u00e9n vagy egy\u00e9b eszk\u00f6z\u00e9n t\u00f6rt\u00e9n\u0151 t\u00e1rol\u00e1s\u00e1hoz a felhaszn\u00e1l\u00f3k hozz\u00e1j\u00e1rul\u00e1s\u00e1t kell k\u00e9rni\u00fck.<\/div>\n<h3>Mik azok a s\u00fctik?<\/h3>\n<div style=\"text-align: left;\">Az Adatkezel\u0151 a honlap l\u00e1togat\u00e1sa sor\u00e1n \u00fagynevezett cookie-kat (s\u00fctiket) haszn\u00e1l. A cookie bet\u0171b\u0151l \u00e9s sz\u00e1mokb\u00f3l \u00e1ll\u00f3 inform\u00e1ci\u00f3csomag, amit honlapunk az \u00d6n b\u00f6ng\u00e9sz\u0151j\u00e9nek k\u00fcld el\u00a0 azzal a c\u00e9llal, hogy elmentse bizonyos be\u00e1ll\u00edt\u00e1sait, megk\u00f6nny\u00edtse a honlapunk haszn\u00e1lat\u00e1t \u00e9s k\u00f6zrem\u0171k\u00f6dik abban, hogy n\u00e9h\u00e1ny relev\u00e1ns, statisztikai jelleg\u0171 inform\u00e1ci\u00f3t gy\u0171jts\u00fcnk a l\u00e1togat\u00f3inkr\u00f3l.A cookie-k (s\u00fctik) egy r\u00e9sze nem tartalmaz szem\u00e9lyes inform\u00e1ci\u00f3kat, \u00e9s nem alkalmas az egy\u00e9ni felhaszn\u00e1l\u00f3 azonos\u00edt\u00e1s\u00e1ra, egy r\u00e9sz\u00fck azonban olyan egy\u00e9ni azonos\u00edt\u00f3t tartalmaz &#8211; egy titkos, v\u00e9letlen\u00fcl gener\u00e1lt sz\u00e1msort &#8211; amelyet az \u00d6n eszk\u00f6ze t\u00e1rol, ezzel az \u00d6n azonos\u00edthat\u00f3s\u00e1g\u00e1t is biztos\u00edtja. Az egyes cookie-k (s\u00fctik) m\u0171k\u00f6d\u00e9si id\u0151tartam\u00e1t az egyes cookie-k (s\u00fctik) vonatkoz\u00f3 le\u00edr\u00e1sa tartalmazza.<\/div>\n<h3>Hogyan haszn\u00e1ljuk a s\u00fctiket ?<\/h3>\n<div>A \u201es\u00fctik\u201d \u00e1ltal k\u00fcld\u00f6tt inform\u00e1ci\u00f3k seg\u00edts\u00e9g\u00e9vel az internetb\u00f6ng\u00e9sz\u0151k k\u00f6nnyebben felismerhet\u0151k, \u00edgy a felhaszn\u00e1l\u00f3k relev\u00e1ns \u00e9s \u201eszem\u00e9lyre szabott\u201d tartalmat kapnak. A cookie-k k\u00e9nyelmesebb\u00e9 teszik a b\u00f6ng\u00e9sz\u00e9st, \u00e9rtve ez alatt az online adatbiztons\u00e1ggal kapcsolatos ig\u00e9nyeket \u00e9s a relev\u00e1ns rekl\u00e1mokat. A \u201es\u00fctik\u201d seg\u00edts\u00e9g\u00e9vel a weboldalak \u00fczemeltet\u0151i n\u00e9vtelen (anonim) statisztik\u00e1kat is k\u00e9sz\u00edthetnek az oldall\u00e1togat\u00f3k szok\u00e1sair\u00f3l. Ezek felhaszn\u00e1l\u00e1s\u00e1val az oldal szerkeszt\u0151i m\u00e9g jobban szem\u00e9lyre tudj\u00e1k szabni az oldal kin\u00e9zet\u00e9t \u00e9s tartalm\u00e1t.<\/div>\n<h3>Milyen t\u00edpus\u00fa s\u00fctiket haszn\u00e1lunk?<\/h3>\n<ul>\n<li>Munkamenet cookie:\u00a0Ezek a s\u00fctik a l\u00e1togat\u00f3 tart\u00f3zkod\u00e1si hely\u00e9t, a b\u00f6ng\u00e9sz\u0151 nyelv\u00e9t, a fizet\u00e9s p\u00e9nznem\u00e9t t\u00e1rolj\u00e1k, \u00e9lettartamuk a b\u00f6ng\u00e9sz\u0151 bez\u00e1r\u00e1sa, vagy maximum 2 \u00f3ra.Referer cookiek:\u00a0Azt r\u00f6gz\u00edtik, hogy a l\u00e1togat\u00f3 milyen k\u00fcls\u0151 oldalr\u00f3l \u00e9rkezett az oldalra. \u00c9lettartamuk a b\u00f6ng\u00e9sz\u0151 bez\u00e1r\u00e1s\u00e1ig tart.<\/li>\n<li>Utolj\u00e1ra megtekintett term\u00e9k cookie:\u00a0R\u00f6gz\u00edti a term\u00e9keket, amiket utolj\u00e1ra megtekintett a l\u00e1togat\u00f3. \u00c9lettartamuk 60 nap.Utolj\u00e1ra megtekintett kateg\u00f3ria cookie:\u00a0R\u00f6gz\u00edtik az utolj\u00e1ra megtekintett kateg\u00f3ri\u00e1t. \u00c9lettartama 60 nap.<\/li>\n<li>Aj\u00e1nlott term\u00e9kek cookie:\u00a0Az \u201eaj\u00e1nlom ismer\u0151s\u00f6mnek\u201d funkci\u00f3n\u00e1l az aj\u00e1nlani k\u00edv\u00e1nt term\u00e9kek list\u00e1j\u00e1t r\u00f6gz\u00edti. \u00c9lettartama 60 nap.Mobil verzi\u00f3, design cookie:\u00a0\u00c9rz\u00e9keli a l\u00e1togat\u00f3 haszn\u00e1lt eszk\u00f6zt, \u00e9s mobilon \u00e1tv\u00e1lt teljes n\u00e9zetre. \u00c9lettartama 365 nap.<\/li>\n<li>Cookie elfogad\u00e1s cookie:\u00a0Az oldalra \u00e9rkez\u00e9skor a figyelmeztet\u0151 ablakban elfogadja a cookiek t\u00e1rol\u00e1s\u00e1r\u00f3l sz\u00f3l\u00f3 nyilatkozatot. \u00c9lettartama 365 nap.<\/li>\n<li><span style=\"color: #000000;\">Kos\u00e1r cookie:\u00a0A kos\u00e1rba helyezett term\u00e9keket r\u00f6gz\u00edti. \u00c9lettartama 365 nap.<\/span><\/li>\n<li>Intelligens aj\u00e1nlat cookie:\u00a0Intelligens aj\u00e1nlatok megjelen\u00edt\u00e9s\u00e9nek felt\u00e9teleit r\u00f6gz\u00edti (pl. volt-e m\u00e1r az oldalon a l\u00e1togat\u00f3, van-e rendel\u00e9se). \u00c9lettartama 30 nap.<\/li>\n<li>Kil\u00e9ptet\u00e9s #2 cookie:\u00a0A #2 opci\u00f3 szerint 90 nap ut\u00e1n kil\u00e9pteti a rendszer a l\u00e1togat\u00f3t. \u00c9lettartama 90 nap.<\/li>\n<li>Backend azonos\u00edt\u00f3 cookie:\u00a0Az oldalt kiszolg\u00e1l\u00f3 backend szerver azonos\u00edt\u00f3ja. \u00c9lettartama a b\u00f6ng\u00e9sz\u0151 bez\u00e1r\u00e1s\u00e1ig tart.<\/li>\n<li>Google Adwords cookie:\u00a0Amikor valaki megl\u00e1togatja az oldalunkat, a l\u00e1togat\u00f3 cookie-azonos\u00edt\u00f3ja hozz\u00e1ad\u00f3dik a remarketinglist\u00e1hoz. A Google cookie-kat \u2013 p\u00e9ld\u00e1ul a NID \u00e9s SID cookie-kat \u2013 haszn\u00e1l a Google-term\u00e9kekben, \u00edgy p\u00e9ld\u00e1ul a Google Keres\u00e9sben l\u00e1that\u00f3 hirdet\u00e9sek testreszab\u00e1s\u00e1hoz. Az ilyen cookie-kat p\u00e9ld\u00e1ul arra haszn\u00e1lja, hogy megjegyezze az \u00d6n legut\u00f3bbi keres\u00e9seit, az egyes hirdet\u0151k hirdet\u00e9seivel vagy a keres\u00e9si eredm\u00e9nyekkel val\u00f3 kor\u00e1bbi interakci\u00f3it, tov\u00e1bb\u00e1 a hirdet\u0151k webhelyein tett l\u00e1togat\u00e1sait. Az AdWords konverzi\u00f3k\u00f6vet\u00e9s funkci\u00f3ja cookie-kat haszn\u00e1l. A hirdet\u00e9sb\u0151l ered\u0151 \u00e9rt\u00e9kes\u00edt\u00e9sek \u00e9s egy\u00e9b konverzi\u00f3k k\u00f6vet\u00e9s\u00e9re cookie-kat ment a felhaszn\u00e1l\u00f3 sz\u00e1m\u00edt\u00f3g\u00e9p\u00e9re, amikor az adott szem\u00e9ly egy hirdet\u00e9sre kattint. A cookie-k n\u00e9h\u00e1ny gyakori alkalmaz\u00e1si m\u00f3dja: a hirdet\u00e9sek kiv\u00e1laszt\u00e1sa annak alapj\u00e1n, hogy mi a relev\u00e1ns az adott felhaszn\u00e1l\u00f3 eset\u00e9n, a kamp\u00e1nyok teljes\u00edtm\u00e9ny\u00e9r\u0151l sz\u00f3l\u00f3 jelent\u00e9sek t\u00f6k\u00e9letes\u00edt\u00e9se, \u00e9s a felhaszn\u00e1l\u00f3 \u00e1ltal m\u00e1r megtekintett hirdet\u00e9sek megjelen\u00edt\u00e9s\u00e9nek elker\u00fcl\u00e9se.<\/li>\n<li>Google Analytics cookie:\u00a0A Google Analytics a Google elemz\u0151 eszk\u00f6ze, amely abban seg\u00edt a weboldalak \u00e9s alkalmaz\u00e1sok tulajdonosainak, hogy pontosabb k\u00e9pet kapjanak l\u00e1togat\u00f3ik tev\u00e9kenys\u00e9geir\u0151l. A szolg\u00e1ltat\u00e1s cookie-kat haszn\u00e1lhat, hogy inform\u00e1ci\u00f3kat gy\u0171jts\u00f6n \u00e9s jelent\u00e9st k\u00e9sz\u00edtsen a weboldal haszn\u00e1lat\u00e1ra vonatkoz\u00f3 statisztikai adatokb\u00f3l an\u00e9lk\u00fcl, hogy egy\u00e9nileg azonos\u00edtan\u00e1 a l\u00e1togat\u00f3kat a Google sz\u00e1m\u00e1ra. A Google Analytics \u00e1ltal haszn\u00e1lt f\u0151 cookie a \u201e__ga\u201d cookie. A webhelyhaszn\u00e1lati statisztikai adatokb\u00f3l k\u00e9sz\u00fcl\u0151 jelent\u00e9sek mellett a Google Analytics \u2013 az el\u0151bbiekben ismertetett n\u00e9h\u00e1ny hirdet\u00e9si cookie-val egy\u00fctt \u2013 felhaszn\u00e1lhat\u00f3 arra is, hogy relev\u00e1nsabb hirdet\u00e9seket jelen\u00edts\u00fcnk meg a Google-term\u00e9kekben (p\u00e9ld\u00e1ul a Google Keres\u00e9sben) \u00e9s szerte az interneten.<\/li>\n<li>Remarketing cookiek-k:\u00a0A kor\u00e1bbi l\u00e1togat\u00f3k vagy felhaszn\u00e1l\u00f3k sz\u00e1m\u00e1ra a Google Display H\u00e1l\u00f3zaton tal\u00e1lhat\u00f3 egy\u00e9b webhelyeken val\u00f3 b\u00f6ng\u00e9sz\u00e9s, illetve term\u00e9keivel vagy szolg\u00e1ltat\u00e1saival kapcsolatos kifejez\u00e9sek keres\u00e9sekor jelenhetnek meg.<\/li>\n<li>A m\u0171k\u00f6d\u00e9shez szigor\u00faan sz\u00fcks\u00e9ges cookie-k:\u00a0Ezek a cookie-k a weboldal haszn\u00e1lat\u00e1hoz n\u00e9lk\u00fcl\u00f6zhetetlenek, \u00e9s lehet\u0151v\u00e9 teszik a weboldal alapvet\u0151 funkci\u00f3inak haszn\u00e1lat\u00e1t. Ezek hi\u00e1ny\u00e1ba az oldal sz\u00e1mos funkci\u00f3ja nem lesz el\u00e9rhet\u0151 az \u00d6n sz\u00e1m\u00e1ra. Ezen t\u00edpus\u00fa cookie-k \u00e9lettartama kiz\u00e1r\u00f3lag a munkamenet idej\u00e9re korl\u00e1toz\u00f3dik.<\/li>\n<li>A felhaszn\u00e1l\u00f3i \u00e9lm\u00e9ny jav\u00edt\u00e1s\u00e1t szolg\u00e1l\u00f3 cookie-k:\u00a0Ezek a cookie-k inform\u00e1ci\u00f3kat gy\u0171jtenek a felhaszn\u00e1l\u00f3 weboldalhaszn\u00e1lat\u00e1r\u00f3l, p\u00e9ld\u00e1ul, hogy mely oldalakat l\u00e1togatja leggyakrabban, vagy milyen hiba\u00fczenetet kap a weboldalr\u00f3l. Ezek a cookie-k nem gy\u0171jtenek a l\u00e1togat\u00f3t azonos\u00edt\u00f3 inform\u00e1ci\u00f3kat, vagyis teljesen \u00e1ltal\u00e1nos, n\u00e9vtelen inform\u00e1ci\u00f3kkal dolgoznak. Az ezekb\u0151l nyert adatokat a weboldal teljes\u00edtm\u00e9ny\u00e9nek jav\u00edt\u00e1s\u00e1ra haszn\u00e1ljuk. Ezen t\u00edpus\u00fa cookie-k \u00e9lettartama kiz\u00e1r\u00f3lag a munkamenet idej\u00e9re korl\u00e1toz\u00f3dik.<\/li>\n<\/ul>\n<p>Amennyiben \u00d6n nem fogadja el a cookie-k haszn\u00e1lat\u00e1t, akkor bizonyos funkci\u00f3k nem lesznek el\u00e9rhet\u0151ek az \u00d6n sz\u00e1m\u00e1ra. A cookie-k t\u00f6rl\u00e9s\u00e9r\u0151l b\u0151vebb t\u00e1j\u00e9koztat\u00e1st az al\u00e1bbi linkeken tal\u00e1lhat:<\/p>\n<ul>\n<li>Internet Explorer:\u00a0\u00a0http:\/\/windows.microsoft.com\/en-us\/internet-explorer\/delete-manage-cookies#ie=ie-11Firefox:\u00a0\u00a0https:\/\/support.mozilla.org\/en-US\/kb\/cookies-information-websites-store-on-your-computer<\/li>\n<li>Mozilla:\u00a0https:\/\/support.mozilla.org\/hu\/kb\/weboldalak-altal-elhelyezett-sutik-torlese-szamito<\/li>\n<li>Safari:\u00a0https:\/\/support.apple.com\/guide\/safari\/manage-cookies-and-website-data-sfri11471\/mac<\/li>\n<li>Chrome:\u00a0https:\/\/support.google.com\/chrome\/answer\/95647Edge:\u00a0https:\/\/support.microsoft.com\/hu-hu\/help\/4027947\/microsoft-edge-delete-cookies<\/li>\n<\/ul>\n<h3>Hogyan v\u00e1ltoztathatom meg a cookie be\u00e1ll\u00edt\u00e1sokat?<\/h3>\n<div>\n<p>A \u201es\u00fctiket\u201d a haszn\u00e1lt b\u00f6ng\u00e9sz\u0151programokban lehet t\u00f6r\u00f6lni vagy letiltani. A b\u00f6ng\u00e9sz\u0151k alap\u00e9rtelmezett m\u00f3don enged\u00e9lyezik a \u201es\u00fctik\u201d elhelyez\u00e9s\u00e9t. Ezt a b\u00f6ng\u00e9sz\u0151 be\u00e1ll\u00edt\u00e1sain\u00e1l lehet letiltani, valamint a megl\u00e9v\u0151ket t\u00f6r\u00f6lni. Mindemellett be\u00e1ll\u00edthat\u00f3 az is, hogy a b\u00f6ng\u00e9sz\u0151 \u00e9rtes\u00edt\u00e9st k\u00fcldj\u00f6n a felhaszn\u00e1l\u00f3nak, amikor \u201es\u00fctit\u201d k\u00fcld az eszk\u00f6zre. Fontos hangs\u00falyozni azonban, hogy ezen f\u00e1jlok letilt\u00e1sa vagy korl\u00e1toz\u00e1sa rontja a b\u00f6ng\u00e9sz\u00e9si \u00e9lm\u00e9nyt, valamint hiba jelentkezhet a weboldal funkci\u00f3j\u00e1ban is.<\/p>\n<ul>\n<li>&#8211; A be\u00e1ll\u00edt\u00e1si lehet\u0151s\u00e9gek \u00e1ltal\u00e1ban a b\u00f6ng\u00e9sz\u0151 \u201eOpci\u00f3k\u201d vagy \u201eBe\u00e1ll\u00edt\u00e1sok\u201d men\u00fcpontj\u00e1ban tal\u00e1lhat\u00f3k. Mindegyik webes keres\u0151 k\u00fcl\u00f6nb\u00f6z\u0151, \u00edgy a megfelel\u0151 be\u00e1ll\u00edt\u00e1sokhoz k\u00e9rj\u00fck. haszn\u00e1lja keres\u0151je \u201cSeg\u00edts\u00e9g\u201d men\u00fcj\u00e9t, illetve az al\u00e1bbi linkeket a s\u00fctik be\u00e1ll\u00edt\u00e1sainak m\u00f3dos\u00edt\u00e1s\u00e1hoz:<\/li>\n<\/ul>\n<p><a href=\"https:\/\/support.microsoft.com\/hu-hu\/help\/17442\/windows-internet-explorer-delete-manage-cookies\" target=\"_blank\" rel=\"noopener noreferrer\">Cookie settings in Internet Explorer<\/a><br \/>\n<a href=\"https:\/\/support.mozilla.org\/en-US\/kb\/cookies-information-websites-store-on-your-computer?redirectlocale=en-US&amp;redirectslug=Cookies\" target=\"_blank\" rel=\"noopener noreferrer\">Cookie settings in Firefox<\/a><br \/>\n<a href=\"https:\/\/support.google.com\/chrome\/answer\/95647?hl=en\" target=\"_blank\" rel=\"noopener noreferrer\">Cookie settings in Chrome<\/a><br \/>\n<a href=\"https:\/\/support.apple.com\/kb\/PH5042?locale=en_US\" target=\"_blank\" rel=\"noopener noreferrer\">Cookie settings in Safari<\/a><\/p>\n<ul>\n<li style=\"list-style-type: none\">\n<ul>\n<li>&#8211; Az anonim Google Analitika \u201es\u00fctik\u201d kikapcsol\u00e1s\u00e1hoz egy \u00fagynevezett \u201eGoogle Analytics plug-in\u201d-t (kieg\u00e9sz\u00edt\u0151t) telep\u00edthet a b\u00f6ng\u00e9sz\u0151j\u00e9be, mely megakad\u00e1lyozza, hogy a honlap az \u00d6nre vonatkoz\u00f3 inform\u00e1ci\u00f3kat k\u00fcldj\u00f6n a Google Analitik\u00e1nak. Ezzel kapcsolatban tov\u00e1bbi inform\u00e1ci\u00f3kat az al\u00e1bbi linkeken tal\u00e1l: <a href=\"https:\/\/policies.google.com\/technologies\/cookies?hl=en-US\">https:\/\/policies.google.com\/technologies\/cookies?hl=en-US<\/a><\/li>\n<\/ul>\n<\/li>\n<\/ul>\n<\/div>\n<\/div>\n","protected":false},"excerpt":{"rendered":"<p>Weboldalunkon \u201ecookie\u201d-kat (tov\u00e1bbiakban \u201es\u00fcti\u201d) alkalmazunk. Ezek olyan f\u00e1jlok, melyek inform\u00e1ci\u00f3t t\u00e1rolnak webes b\u00f6ng\u00e9sz\u0151j\u00e9ben. Ehhez az \u00d6n hozz\u00e1j\u00e1rul\u00e1sa sz\u00fcks\u00e9ges. A \u201es\u00fctiket\u201d az elektronikus h\u00edrk\u00f6zl\u00e9sr\u0151l sz\u00f3l\u00f3 2003. \u00e9vi C. t\u00f6rv\u00e9ny, az elektronikus kereskedelmi szolg\u00e1ltat\u00e1sok, az inform\u00e1ci\u00f3s t\u00e1rsadalommal \u00f6sszef\u00fcgg\u0151 szolg\u00e1ltat\u00e1sok egyes k\u00e9rd\u00e9seir\u0151l sz\u00f3l\u00f3 2001. \u00e9vi CVIII. t\u00f6rv\u00e9ny, valamint az Eur\u00f3pai Uni\u00f3 el\u0151\u00edr\u00e1sainak megfelel\u0151en haszn\u00e1ljuk. Azon weblapoknak, melyek az&hellip;<\/p>\n","protected":false},"author":2,"featured_media":0,"parent":0,"menu_order":0,"comment_status":"closed","ping_status":"closed","template":"","meta":{"footnotes":""},"class_list":["post-2937","page","type-page","status-publish","hentry"],"jetpack_sharing_enabled":true,"_links":{"self":[{"href":"https:\/\/anatjegyzet.hu\/index.php?rest_route=\/wp\/v2\/pages\/2937","targetHints":{"allow":["GET"]}}],"collection":[{"href":"https:\/\/anatjegyzet.hu\/index.php?rest_route=\/wp\/v2\/pages"}],"about":[{"href":"https:\/\/anatjegyzet.hu\/index.php?rest_route=\/wp\/v2\/types\/page"}],"author":[{"embeddable":true,"href":"https:\/\/anatjegyzet.hu\/index.php?rest_route=\/wp\/v2\/users\/2"}],"replies":[{"embeddable":true,"href":"https:\/\/anatjegyzet.hu\/index.php?rest_route=%2Fwp%2Fv2%2Fcomments&post=2937"}],"version-history":[{"count":15,"href":"https:\/\/anatjegyzet.hu\/index.php?rest_route=\/wp\/v2\/pages\/2937\/revisions"}],"predecessor-version":[{"id":3640,"href":"https:\/\/anatjegyzet.hu\/index.php?rest_route=\/wp\/v2\/pages\/2937\/revisions\/3640"}],"wp:attachment":[{"href":"https:\/\/anatjegyzet.hu\/index.php?rest_route=%2Fwp%2Fv2%2Fmedia&parent=2937"}],"curies":[{"name":"wp","href":"https:\/\/api.w.org\/{rel}","templated":true}]}}