{"id":3888,"date":"2022-08-20T18:25:33","date_gmt":"2022-08-20T18:25:33","guid":{"rendered":"https:\/\/anatjegyzet.hu\/?page_id=3888"},"modified":"2023-01-30T12:14:55","modified_gmt":"2023-01-30T12:14:55","slug":"egypercesek","status":"publish","type":"page","link":"https:\/\/anatjegyzet.hu\/?page_id=3888","title":{"rendered":"Egypercesek"},"content":{"rendered":"\n<p class=\"has-text-align-justify\"><p>Az Anat\u00f3mia Egypercesek 1-1 t\u00e9mak\u00f6rt v\u00e1zlatosan t\u00e1rgyal\u00f3, r\u00f6vid, n\u00e9h\u00e1ny oldalas jegyzetek. Az al\u00e1bbiakban h\u00e1rom, m\u00e1r elk\u00e9sz\u00fclt fejezetet tal\u00e1ltok, melyek seg\u00edts\u00e9getekre lehetnek a demonstr\u00e1ci\u00f3kra, vizsg\u00e1kra t\u00f6rt\u00e9n\u0151 k\u00e9sz\u00fcl\u00e9s sor\u00e1n. Az egyes k\u00e9pek alatti LET\u00d6LT\u00c9S gombra kattintva INGYEN let\u00f6lthetitek \u0151ket.<\/p>\n\n\n\n<p class=\"has-text-align-justify\"><p>Amennyiben hasznosnak tal\u00e1lt\u00e1tok az Anat\u00f3mia Egyperceseket, az egyes t\u00e9mak\u00f6r\u00f6ket r\u00e9szleteiben t\u00e1rgyal\u00f3 Anat\u00f3mia T\u00fal\u00e9l\u0151k\u00f6nyv fejezeteket a &#8220;T\u00fal\u00e9l\u0151k\u00f6nyv&#8221; f\u00fclre kattintva tal\u00e1lj\u00e1tok.<\/p>\n\n\n\n<div class=\"wp-block-columns is-layout-flex wp-container-core-columns-is-layout-28f84493 wp-block-columns-is-layout-flex\">\n<div class=\"wp-block-column is-layout-flow wp-block-column-is-layout-flow\">\n<figure class=\"wp-block-image aligncenter size-large\"><img loading=\"lazy\" decoding=\"async\" width=\"720\" height=\"1024\" src=\"https:\/\/anatjegyzet.hu\/wp-content\/uploads\/2022\/08\/IMG_2169-720x1024.jpg\" alt=\"\" class=\"wp-image-3893\" srcset=\"https:\/\/anatjegyzet.hu\/wp-content\/uploads\/2022\/08\/IMG_2169-720x1024.jpg 720w, https:\/\/anatjegyzet.hu\/wp-content\/uploads\/2022\/08\/IMG_2169-211x300.jpg 211w, https:\/\/anatjegyzet.hu\/wp-content\/uploads\/2022\/08\/IMG_2169-768x1093.jpg 768w, https:\/\/anatjegyzet.hu\/wp-content\/uploads\/2022\/08\/IMG_2169-1079x1536.jpg 1079w, https:\/\/anatjegyzet.hu\/wp-content\/uploads\/2022\/08\/IMG_2169-1439x2048.jpg 1439w, https:\/\/anatjegyzet.hu\/wp-content\/uploads\/2022\/08\/IMG_2169-675x960.jpg 675w, https:\/\/anatjegyzet.hu\/wp-content\/uploads\/2022\/08\/IMG_2169-325x462.jpg 325w, https:\/\/anatjegyzet.hu\/wp-content\/uploads\/2022\/08\/IMG_2169.jpg 1650w\" sizes=\"auto, (max-width: 720px) 100vw, 720px\" \/><figcaption class=\"wp-element-caption\"><a href=\"http:\/\/anatjegyzet.hu\/wp-content\/uploads\/2022\/08\/Egyperces-csonttan-1._v20220820.pdf\" target=\"_blank\" rel=\"noreferrer noopener\">Let\u00f6lt\u00e9s<\/a><\/figcaption><\/figure>\n<\/div>\n\n\n\n<div class=\"wp-block-column is-layout-flow wp-block-column-is-layout-flow\">\n<figure class=\"wp-block-image aligncenter size-large\"><a href=\"http:\/\/anatjegyzet.hu\/wp-content\/uploads\/2022\/08\/Egyperces-csonttan-2._v20220820.pdf\" target=\"_blank\" rel=\"noopener\"><img loading=\"lazy\" decoding=\"async\" width=\"719\" height=\"1024\" src=\"https:\/\/anatjegyzet.hu\/wp-content\/uploads\/2022\/08\/IMG_2170-719x1024.jpg\" alt=\"\" class=\"wp-image-3904\" srcset=\"https:\/\/anatjegyzet.hu\/wp-content\/uploads\/2022\/08\/IMG_2170-719x1024.jpg 719w, https:\/\/anatjegyzet.hu\/wp-content\/uploads\/2022\/08\/IMG_2170-211x300.jpg 211w, https:\/\/anatjegyzet.hu\/wp-content\/uploads\/2022\/08\/IMG_2170-768x1094.jpg 768w, https:\/\/anatjegyzet.hu\/wp-content\/uploads\/2022\/08\/IMG_2170-1078x1536.jpg 1078w, https:\/\/anatjegyzet.hu\/wp-content\/uploads\/2022\/08\/IMG_2170-1438x2048.jpg 1438w, https:\/\/anatjegyzet.hu\/wp-content\/uploads\/2022\/08\/IMG_2170-674x960.jpg 674w, https:\/\/anatjegyzet.hu\/wp-content\/uploads\/2022\/08\/IMG_2170-325x463.jpg 325w, https:\/\/anatjegyzet.hu\/wp-content\/uploads\/2022\/08\/IMG_2170.jpg 1646w\" sizes=\"auto, (max-width: 719px) 100vw, 719px\" \/><\/a><figcaption class=\"wp-element-caption\"><a href=\"http:\/\/anatjegyzet.hu\/wp-content\/uploads\/2022\/08\/Egyperces-csonttan-2._v20220820.pdf\">Let\u00f6lt\u00e9s<\/a><\/figcaption><\/figure>\n\n\n\n<p><\/p>\n<\/div>\n\n\n\n<div class=\"wp-block-column is-layout-flow wp-block-column-is-layout-flow\">\n<figure class=\"wp-block-image aligncenter size-large\"><img loading=\"lazy\" decoding=\"async\" width=\"721\" height=\"1024\" src=\"http:\/\/anatjegyzet.hu\/wp-content\/uploads\/2022\/08\/IMG_2171-721x1024.jpg\" alt=\"\" class=\"wp-image-3905\" srcset=\"https:\/\/anatjegyzet.hu\/wp-content\/uploads\/2022\/08\/IMG_2171-721x1024.jpg 721w, https:\/\/anatjegyzet.hu\/wp-content\/uploads\/2022\/08\/IMG_2171-211x300.jpg 211w, https:\/\/anatjegyzet.hu\/wp-content\/uploads\/2022\/08\/IMG_2171-768x1091.jpg 768w, https:\/\/anatjegyzet.hu\/wp-content\/uploads\/2022\/08\/IMG_2171-1081x1536.jpg 1081w, https:\/\/anatjegyzet.hu\/wp-content\/uploads\/2022\/08\/IMG_2171-1441x2048.jpg 1441w, https:\/\/anatjegyzet.hu\/wp-content\/uploads\/2022\/08\/IMG_2171-675x960.jpg 675w, https:\/\/anatjegyzet.hu\/wp-content\/uploads\/2022\/08\/IMG_2171-325x462.jpg 325w, https:\/\/anatjegyzet.hu\/wp-content\/uploads\/2022\/08\/IMG_2171.jpg 1650w\" sizes=\"auto, (max-width: 721px) 100vw, 721px\" \/><figcaption class=\"wp-element-caption\"><a href=\"http:\/\/anatjegyzet.hu\/wp-content\/uploads\/2022\/08\/Egyperces-csonttan-3._v20220820.pdf\">Let\u00f6lt\u00e9s<\/a><\/figcaption><\/figure>\n<\/div>\n\n\n\n<div class=\"wp-block-column is-layout-flow wp-block-column-is-layout-flow\"><\/div>\n<\/div>\n\n\n\n<p><\/p>\n","protected":false},"excerpt":{"rendered":"<p>Az Anat\u00f3mia Egypercesek 1-1 t\u00e9mak\u00f6rt v\u00e1zlatosan t\u00e1rgyal\u00f3, r\u00f6vid, n\u00e9h\u00e1ny oldalas jegyzetek. Az al\u00e1bbiakban h\u00e1rom, m\u00e1r elk\u00e9sz\u00fclt fejezetet tal\u00e1ltok, melyek seg\u00edts\u00e9getekre lehetnek a demonstr\u00e1ci\u00f3kra, vizsg\u00e1kra t\u00f6rt\u00e9n\u0151 k\u00e9sz\u00fcl\u00e9s sor\u00e1n. Az egyes k\u00e9pek alatti LET\u00d6LT\u00c9S gombra kattintva INGYEN let\u00f6lthetitek \u0151ket. Amennyiben hasznosnak tal\u00e1lt\u00e1tok az Anat\u00f3mia Egyperceseket, az egyes t\u00e9mak\u00f6r\u00f6ket r\u00e9szleteiben t\u00e1rgyal\u00f3 Anat\u00f3mia T\u00fal\u00e9l\u0151k\u00f6nyv fejezeteket a &#8220;T\u00fal\u00e9l\u0151k\u00f6nyv&#8221; f\u00fclre kattintva&hellip;<\/p>\n","protected":false},"author":2,"featured_media":0,"parent":0,"menu_order":0,"comment_status":"closed","ping_status":"closed","template":"","meta":{"footnotes":""},"class_list":["post-3888","page","type-page","status-publish","hentry"],"jetpack_sharing_enabled":true,"_links":{"self":[{"href":"https:\/\/anatjegyzet.hu\/index.php?rest_route=\/wp\/v2\/pages\/3888","targetHints":{"allow":["GET"]}}],"collection":[{"href":"https:\/\/anatjegyzet.hu\/index.php?rest_route=\/wp\/v2\/pages"}],"about":[{"href":"https:\/\/anatjegyzet.hu\/index.php?rest_route=\/wp\/v2\/types\/page"}],"author":[{"embeddable":true,"href":"https:\/\/anatjegyzet.hu\/index.php?rest_route=\/wp\/v2\/users\/2"}],"replies":[{"embeddable":true,"href":"https:\/\/anatjegyzet.hu\/index.php?rest_route=%2Fwp%2Fv2%2Fcomments&post=3888"}],"version-history":[{"count":27,"href":"https:\/\/anatjegyzet.hu\/index.php?rest_route=\/wp\/v2\/pages\/3888\/revisions"}],"predecessor-version":[{"id":4323,"href":"https:\/\/anatjegyzet.hu\/index.php?rest_route=\/wp\/v2\/pages\/3888\/revisions\/4323"}],"wp:attachment":[{"href":"https:\/\/anatjegyzet.hu\/index.php?rest_route=%2Fwp%2Fv2%2Fmedia&parent=3888"}],"curies":[{"name":"wp","href":"https:\/\/api.w.org\/{rel}","templated":true}]}}