{"id":659,"date":"2015-02-09T08:19:31","date_gmt":"2015-02-09T08:19:31","guid":{"rendered":"http:\/\/education.themerex.net\/?page_id=659"},"modified":"2026-04-02T09:04:22","modified_gmt":"2026-04-02T09:04:22","slug":"all-team","status":"publish","type":"page","link":"https:\/\/anatjegyzet.hu\/?page_id=659","title":{"rendered":"T\u00fal\u00e9l\u0151 x Voovo"},"content":{"rendered":"\n<div style=\"height:26px\" aria-hidden=\"true\" class=\"wp-block-spacer\"><\/div>\n\n\n\n<div class=\"wp-block-columns is-layout-flex wp-container-core-columns-is-layout-28f84493 wp-block-columns-is-layout-flex\">\n<div class=\"wp-block-column is-layout-flow wp-block-column-is-layout-flow\">\n<div class=\"wp-block-columns is-layout-flex wp-container-core-columns-is-layout-28f84493 wp-block-columns-is-layout-flex\">\n<div class=\"wp-block-column is-layout-flow wp-block-column-is-layout-flow\">\n<p class=\"has-medium-font-size\">Hogy a tanul\u00e1s m\u00e9g \u00e9lvezetesebb, m\u00e9g hat\u00e9konyabb legyen, mostant\u00f3l az <strong>Anat\u00f3mia T\u00fal\u00e9l\u0151k\u00f6nyv<\/strong>ek \ud83d\udcaa\ud83c\udffc anyag\u00e1nak megjegyz\u00e9s\u00e9ben a <strong>Voovo<\/strong> \ud83d\ude80 alkalmaz\u00e1s is seg\u00edts\u00e9getekre lesz!<\/p>\n\n\n\n<p class=\"has-medium-font-size\">Az elm\u00falt h\u00f3napokban nagyon sokat dolgoztunk azon, hogy az anat\u00f3mia tanul\u00e1s \u00faj korszakba l\u00e9phessen, hogy az <strong>Anat\u00f3mia T\u00fal\u00e9l\u0151k\u00f6nyvek<\/strong> \ud83d\udcaa\ud83c\udffc \u00e9let\u00e9ben \u00faj fejezet kezd\u0151dhessen!<\/p>\n<\/div>\n<\/div>\n<\/div>\n\n\n\n<div class=\"wp-block-column is-layout-flow wp-block-column-is-layout-flow\">\n<figure class=\"wp-block-image aligncenter size-full\"><a href=\"https:\/\/marketplace.voovo.study\/browse\/creator\/3249153f-6345-4038-9de8-affd05a72e1f?lang=hu\" target=\"_blank\" rel=\" noreferrer noopener\"><img loading=\"lazy\" decoding=\"async\" width=\"634\" height=\"232\" src=\"http:\/\/anatjegyzet.hu\/wp-content\/uploads\/2025\/09\/Group-1000004154-1.png\" alt=\"\" class=\"wp-image-5078\" srcset=\"https:\/\/anatjegyzet.hu\/wp-content\/uploads\/2025\/09\/Group-1000004154-1.png 634w, https:\/\/anatjegyzet.hu\/wp-content\/uploads\/2025\/09\/Group-1000004154-1-300x110.png 300w, https:\/\/anatjegyzet.hu\/wp-content\/uploads\/2025\/09\/Group-1000004154-1-325x119.png 325w\" sizes=\"auto, (max-width: 634px) 100vw, 634px\" \/><\/a><\/figure>\n\n\n\n<div class=\"wp-block-buttons is-content-justification-center is-layout-flex wp-container-core-buttons-is-layout-a89b3969 wp-block-buttons-is-layout-flex\">\n<div class=\"wp-block-button is-style-fill\"><a class=\"wp-block-button__link has-black-color has-text-color has-background has-link-color wp-element-button\" href=\"https:\/\/marketplace.voovo.study\/browse\/creator\/3249153f-6345-4038-9de8-affd05a72e1f?lang=hu\" style=\"border-top-left-radius:150px;border-top-right-radius:150px;border-bottom-left-radius:150px;border-bottom-right-radius:150px;background-color:#62b7be\"><strong>Katt ide az App\u00e9rt \u00e9s a tananyag\u00e9rt!<\/strong><\/a><\/div>\n<\/div>\n<\/div>\n<\/div>\n\n\n\n<h2 class=\"wp-block-heading\">Hogyan haszn\u00e1ld?<\/h2>\n\n\n\n<p class=\"has-text-align-left has-large-font-size\"><strong>R\u00f6viden<\/strong>:<\/p>\n\n\n\n<p class=\"has-text-align-left has-medium-font-size\">Szerezd meg a <strong>T\u00fal\u00e9l\u0151k\u00f6nyv<\/strong> \ud83d\udcaa\ud83c\udffc fejezeteket, majd ha n\u00e9h\u00e1nyszor m\u00e1r \u00e1tolvastad az adott t\u00e9mak\u00f6rt, ir\u00e1ny az app \u2b07\ufe0f \u00e9s kezd\u0151dhet az anyag akt\u00edv gyakorl\u00e1sa (tuti tipp az apphoz: <em>tableten<\/em> a legjobb!)<\/p>\n\n\n\n<iframe loading=\"lazy\"\n  src=\"https:\/\/marketplace.voovo.study\/embed\/bundle\/bundle_anatomia_tulelo_1_2?lang=hu\"\n  width=\"100%\"\n  height=\"700\"\n  frameborder=\"0\"\n  style=\"border: 1px solid #bfcbda88; border-radius: 4px; max-width: 100%;\"\n  allow=\"fullscreen; payment\"\n  aria-hidden=\"false\"\n  tabindex=\"0\"\n><\/iframe>\n\n\n\n<h2 class=\"wp-block-heading\">Mi a Voovo?<\/h2>\n\n\n\n<p class=\"has-medium-font-size\">A <strong>Voovo<\/strong> \ud83d\ude80 egy innovat\u00edv tanul\u00e1si platform, amely tudom\u00e1nyosan bizony\u00edtott hat\u00e9konys\u00e1g\u00fa m\u00f3dszerek seg\u00edts\u00e9g\u00e9vel j\u00e1rul hozz\u00e1 a tananyag k\u00f6nnyebb megjegyz\u00e9s\u00e9hez, elsaj\u00e1t\u00edt\u00e1s\u00e1hoz. A <strong>Voovo<\/strong> \ud83d\ude80 appban k\u00fcl\u00f6nb\u00f6z\u0151 tant\u00e1rgyak kurzusait \u00e9rheted el, amelyekben mem\u00f3riak\u00e1rty\u00e1kkal, feladatmegold\u00e1sokkal m\u00e9ly\u00edtheted el a tud\u00e1sodat.<\/p>\n\n\n\n<p class=\"has-medium-font-size\">Az eredm\u00e9ny? Olyasmi lett, mintha a Duolingo lenne, csak anat\u00f3mi\u00e1b\u00f3l&#8230; Az <strong>Anat\u00f3mia T\u00fal\u00e9l\u0151k\u00f6nyvek<\/strong>kel \ud83d\udcaa\ud83c\udffc kombin\u00e1lva a biztos siker garanci\u00e1ja. Az egyes T\u00fal\u00e9l\u0151k\u00f6nyv \ud83d\udcaa\ud83c\udffc r\u00e9szeket logikus egys\u00e9gekbe rendezt\u00fck, \u00e9s minden anyagr\u00e9szhez feladatokat k\u00e9sz\u00edtett\u00fcnk, melyek seg\u00edtenek a tananyag elsaj\u00e1t\u00edt\u00e1s\u00e1ban, tudom\u00e1nyosan bizony\u00edtott m\u00f3dszerekkel, \u00fagymint az <strong>akt\u00edv felid\u00e9z\u00e9s<\/strong> (active recall) \u00e9s az <strong>id\u0151z\u00edtett ism\u00e9tl\u00e9s<\/strong> (spaced repetition).<\/p>\n\n\n\n<div class=\"wp-block-columns is-layout-flex wp-container-core-columns-is-layout-28f84493 wp-block-columns-is-layout-flex\">\n<div class=\"wp-block-column is-layout-flow wp-block-column-is-layout-flow\">\n<div class=\"wp-block-cover\" style=\"min-height:127px;aspect-ratio:unset;\"><span aria-hidden=\"true\" class=\"wp-block-cover__background has-accent-background-color has-background-dim-100 has-background-dim\"><\/span><div class=\"wp-block-cover__inner-container is-layout-constrained wp-block-cover-is-layout-constrained\">\n<p class=\"has-text-align-center has-dark-bg-color has-text-color has-link-color has-large-font-size wp-elements-b96c63917a67297ecca8ced997c40898\">AKT\u00cdV FELID\u00c9Z\u00c9S<\/p>\n<\/div><\/div>\n<\/div>\n\n\n\n<div class=\"wp-block-column is-layout-flow wp-block-column-is-layout-flow\">\n<div class=\"wp-block-cover has-small-font-size\" style=\"min-height:127px;aspect-ratio:unset;\"><span aria-hidden=\"true\" class=\"wp-block-cover__background has-light-bg-background-color has-background-dim-100 has-background-dim\"><\/span><div class=\"wp-block-cover__inner-container is-layout-constrained wp-block-cover-is-layout-constrained\">\n<p class=\"has-text-align-center has-large-font-size\">ID\u0150Z\u00cdTETT ISM\u00c9TL\u00c9S<\/p>\n<\/div><\/div>\n<\/div>\n<\/div>\n\n\n\n<div style=\"height:27px\" aria-hidden=\"true\" class=\"wp-block-spacer\"><\/div>\n\n\n\n<h3 class=\"wp-block-heading\"><em>Hogyan haszn\u00e1ld?<\/em><\/h3>\n\n\n\n<h3 class=\"wp-block-heading\"><em><strong>A kurzus rendszer<\/strong><\/em><\/h3>\n\n\n\n<p class=\"has-medium-font-size\">A <strong>Voovo<\/strong>-ban \ud83d\ude80 egy-egy tant\u00e1rgyra, nagy t\u00e9mak\u00f6rre \u00e9p\u00fcl\u0151 kurzusokat tal\u00e1lsz (angolul: classroom), az adott kurzuson bel\u00fcl pedig szakaszok \u00e9s l\u00e9pcs\u0151k tal\u00e1lhat\u00f3k: a szakaszokban (p\u00e9ld\u00e1ul &#8220;A fels\u0151 v\u00e9gtag csontjai&#8221;) vannak az egyes l\u00e9pcs\u0151k (p\u00e9ld\u00e1ul &#8220;A v\u00e1ll\u00f6v csontjai&#8221;), \u00e9s a l\u00e9pcs\u0151k\u00f6n bel\u00fcl tal\u00e1lod a konkr\u00e9t kv\u00edzeket, tanul\u00f3k\u00e1rty\u00e1kat, feladatokat.<\/p>\n\n\n\n<p class=\"has-medium-font-size\">Minden egyes kurzusn\u00e1l be tudod \u00e1ll\u00edtani, hogy h\u00e1ny naponta szeretn\u00e9l tanulni. Ez azt jelenti, hogy h\u00e1ny naponta fogunk megadni \u00faj tanul\u00e1si c\u00e9lokat (ezekr\u0151l lentebb \u00edrok). Mi a 3-4 napot aj\u00e1nljuk, de ak\u00e1r minden napra is be tudod \u00e1ll\u00edtani, vagy arra is, hogy csak hetente 1x kelljen tanulni. Tov\u00e1bb\u00e1 be tudod \u00e1ll\u00edtani, hogy mikorra szeretn\u00e9d megtanulni az adott tananyagot (mondjuk saj\u00e1t magadnak kit\u0171z\u00f6tt id\u0151pontra, a dem\u00f3 napj\u00e1ra, vagy csak a f\u00e9l\u00e9v v\u00e9gi vizsg\u00e1ra), \u00e9s a <strong>Voovo<\/strong> \ud83d\ude80 egy egy\u00e9ni felk\u00e9sz\u00edt\u0151 tervet k\u00e9sz\u00edt neked, ahol kv\u00e1zi mindig l\u00e1tod, mikor mit kell elkezdeni ism\u00e9telned.<\/p>\n\n\n\n<h3 class=\"wp-block-heading\"><strong><em>A tanul\u00e1si ciklus<\/em><\/strong><\/h3>\n\n\n\n<p class=\"has-medium-font-size\">A <strong>Voovo<\/strong> \ud83d\ude80 \u00fagynevezett tanul\u00e1si ciklusokat haszn\u00e1l. A tanul\u00e1s akkor a lehet\u0151 leghat\u00e9konyabb, ha minden ciklus kezdete el\u0151tt n\u00e9h\u00e1nyszor \u00e1tolvasod a k\u00f6vetkez\u0151 t\u00e9mak\u00f6rt az adott <strong>Anat\u00f3mia T\u00fal\u00e9l\u0151k\u00f6nyv<\/strong> \ud83d\udcaa\ud83c\udffc fejezetb\u0151l, majd belev\u00e1gsz, hogy az appot haszn\u00e1lva az \u00faj tanul\u00e1si ciklusban maradand\u00f3an r\u00f6gz\u00fclhessen az \u00faj anyag, mik\u00f6zben a kor\u00e1bbiakat is \u00e1tism\u00e9telheted!<\/p>\n\n\n\n<p class=\"has-medium-font-size\">Az \u00e1ltalad be\u00e1ll\u00edtott gyakoris\u00e1ggal ny\u00edlnak meg az egyes t\u00e9mak\u00f6r\u00f6k, illetve jelennek meg k\u00e9rd\u00e9sek a m\u00e1r kor\u00e1bban teljes\u00edtett t\u00e9mak\u00f6r\u00f6kb\u0151l, ism\u00e9tl\u00e9si jelleggel. <\/p>\n\n\n\n<p class=\"has-medium-font-size\">Egy-egy tanul\u00e1si ciklusban t\u00f6bbf\u00e9le c\u00e9lt kell teljes\u00edtened.<\/p>\n\n\n\n<hr class=\"wp-block-separator has-alpha-channel-opacity\"\/>\n\n\n\n<div class=\"wp-block-columns is-layout-flex wp-container-core-columns-is-layout-28f84493 wp-block-columns-is-layout-flex\">\n<div class=\"wp-block-column is-layout-flow wp-block-column-is-layout-flow\">\n<p class=\"has-text-align-center has-body-bg-color has-light-text-background-color has-text-color has-background has-link-color wp-elements-b1d77249cb43b2725b52c93b26f46b23\"><strong>Ism\u00e9tl\u00e9si c\u00e9l<\/strong><\/p>\n\n\n\n<p class=\"has-body-bg-color has-light-text-background-color has-text-color has-background has-link-color wp-elements-b80e841306c6af40e87ac84c8e0e7a43\">Minden \u00faj ciklus elej\u00e9n a Voovo kisz\u00e1molja, h\u00e1ny ism\u00e9tl\u00e9si k\u00e9rd\u00e9st kell megoldanod a tud\u00e1sod \u00e9s a mem\u00f3ri\u00e1d alapj\u00e1n a kor\u00e1bbi t\u00e9mak\u00f6r\u00f6kb\u0151l.<\/p>\n<\/div>\n\n\n\n<div class=\"wp-block-column is-layout-flow wp-block-column-is-layout-flow\">\n<p class=\"has-text-align-center has-dark-bg-color has-accent-background-color has-text-color has-background has-link-color wp-elements-3c1cef271e7f513b424efb926a69c34a\"><strong>\u00daj tud\u00e1s c\u00e9l<\/strong><\/p>\n\n\n\n<p class=\"has-dark-bg-color has-accent-background-color has-text-color has-background has-link-color wp-elements-ea62d7931ce07e83b5ed0e03823a9f4b\">Ilyenkor \u00faj l\u00e9pcs\u0151k ny\u00edlnak meg a tanul\u00e1si \u00fatvonalon, amelyekben gyakorolhatod is az anyagot. K\u00e9s\u0151bb ezen feladatok is ism\u00e9tl\u00e9sk\u00e9nt  t\u00e9rnek majd vissza.<\/p>\n<\/div>\n<\/div>\n\n\n\n<hr class=\"wp-block-separator has-alpha-channel-opacity\"\/>\n\n\n\n<p class=\"has-medium-font-size\">Ha minden apr\u00f3 r\u00e9szletre k\u00edv\u00e1ncsi vagy, akkor itt el\u00e9red el a <strong>Voovo<\/strong> \ud83d\ude80 csapata \u00e1ltal k\u00e9sz\u00edtett teljes le\u00edr\u00e1st. \u2b07\ufe0f<\/p>\n\n\n\n<div class=\"wp-block-buttons is-content-justification-center is-layout-flex wp-container-core-buttons-is-layout-a89b3969 wp-block-buttons-is-layout-flex\">\n<div class=\"wp-block-button\"><a class=\"wp-block-button__link has-background wp-element-button\" href=\"https:\/\/www.voovostudy.com\/hu\" style=\"border-radius:100px;background:radial-gradient(rgb(99,182,190) 0%,rgb(99,182,190) 0%)\"><strong>Megn\u00e9zem a t\u00f6bbi inf\u00f3t<\/strong><\/a><\/div>\n<\/div>\n\n\n\n<figure class=\"wp-block-image aligncenter size-large\"><img loading=\"lazy\" decoding=\"async\" width=\"1024\" height=\"684\" src=\"https:\/\/anatjegyzet.hu\/wp-content\/uploads\/2025\/09\/IMG_5169-1024x684.jpg\" alt=\"\" class=\"wp-image-5193\" srcset=\"https:\/\/anatjegyzet.hu\/wp-content\/uploads\/2025\/09\/IMG_5169-1024x684.jpg 1024w, https:\/\/anatjegyzet.hu\/wp-content\/uploads\/2025\/09\/IMG_5169-300x200.jpg 300w, https:\/\/anatjegyzet.hu\/wp-content\/uploads\/2025\/09\/IMG_5169-768x513.jpg 768w, https:\/\/anatjegyzet.hu\/wp-content\/uploads\/2025\/09\/IMG_5169-1536x1027.jpg 1536w, https:\/\/anatjegyzet.hu\/wp-content\/uploads\/2025\/09\/IMG_5169-1120x749.jpg 1120w, https:\/\/anatjegyzet.hu\/wp-content\/uploads\/2025\/09\/IMG_5169-325x217.jpg 325w, https:\/\/anatjegyzet.hu\/wp-content\/uploads\/2025\/09\/IMG_5169.jpg 1616w\" sizes=\"auto, (max-width: 1024px) 100vw, 1024px\" \/><\/figure>\n","protected":false},"excerpt":{"rendered":"<p>Hogy a tanul\u00e1s m\u00e9g \u00e9lvezetesebb, m\u00e9g hat\u00e9konyabb legyen, mostant\u00f3l az Anat\u00f3mia T\u00fal\u00e9l\u0151k\u00f6nyvek \ud83d\udcaa\ud83c\udffc anyag\u00e1nak megjegyz\u00e9s\u00e9ben a Voovo \ud83d\ude80 alkalmaz\u00e1s is seg\u00edts\u00e9getekre lesz! Az elm\u00falt h\u00f3napokban nagyon sokat dolgoztunk azon, hogy az anat\u00f3mia tanul\u00e1s \u00faj korszakba l\u00e9phessen, hogy az Anat\u00f3mia T\u00fal\u00e9l\u0151k\u00f6nyvek \ud83d\udcaa\ud83c\udffc \u00e9let\u00e9ben \u00faj fejezet kezd\u0151dhessen! Hogyan haszn\u00e1ld? R\u00f6viden: Szerezd meg a T\u00fal\u00e9l\u0151k\u00f6nyv \ud83d\udcaa\ud83c\udffc fejezeteket, majd&hellip;<\/p>\n","protected":false},"author":1,"featured_media":0,"parent":0,"menu_order":0,"comment_status":"closed","ping_status":"closed","template":"","meta":{"footnotes":""},"class_list":["post-659","page","type-page","status-publish","hentry"],"jetpack_sharing_enabled":true,"_links":{"self":[{"href":"https:\/\/anatjegyzet.hu\/index.php?rest_route=\/wp\/v2\/pages\/659","targetHints":{"allow":["GET"]}}],"collection":[{"href":"https:\/\/anatjegyzet.hu\/index.php?rest_route=\/wp\/v2\/pages"}],"about":[{"href":"https:\/\/anatjegyzet.hu\/index.php?rest_route=\/wp\/v2\/types\/page"}],"author":[{"embeddable":true,"href":"https:\/\/anatjegyzet.hu\/index.php?rest_route=\/wp\/v2\/users\/1"}],"replies":[{"embeddable":true,"href":"https:\/\/anatjegyzet.hu\/index.php?rest_route=%2Fwp%2Fv2%2Fcomments&post=659"}],"version-history":[{"count":118,"href":"https:\/\/anatjegyzet.hu\/index.php?rest_route=\/wp\/v2\/pages\/659\/revisions"}],"predecessor-version":[{"id":5412,"href":"https:\/\/anatjegyzet.hu\/index.php?rest_route=\/wp\/v2\/pages\/659\/revisions\/5412"}],"wp:attachment":[{"href":"https:\/\/anatjegyzet.hu\/index.php?rest_route=%2Fwp%2Fv2%2Fmedia&parent=659"}],"curies":[{"name":"wp","href":"https:\/\/api.w.org\/{rel}","templated":true}]}}