{"id":2407,"date":"2020-10-25T00:08:47","date_gmt":"2020-10-25T00:08:47","guid":{"rendered":"http:\/\/anatjegyzet.hu\/?post_type=product&#038;p=2407"},"modified":"2025-08-28T14:23:31","modified_gmt":"2025-08-28T14:23:31","slug":"a-torzs-es-a-nyak-anatomiaja-2","status":"publish","type":"product","link":"https:\/\/anatjegyzet.hu\/?product=a-torzs-es-a-nyak-anatomiaja-2","title":{"rendered":"1c. fejezet &#8211; A t\u00f6rzs \u00e9s a nyak anat\u00f3mi\u00e1ja"},"content":{"rendered":"<p>&lt;span&#8221;&gt;A t\u00f6rzs csontjaihoz soroljuk a csigoly\u00e1kat (vertebrae) \u00e9s a keresztcsontot (sacrum), valamint a farokcsontot (os coccygeum), melyek egy\u00fcttesen a gerincoszlopot (columna spinalis \/ columna vertebralis) alkotj\u00e1k. Ugyancsak a t\u00f6rzs csontjaihoz tartoznak a bord\u00e1k (costae), valamint a mellcsont (sternum). A t\u00f6rzs, valamint a koponya csontja k\u00f6z\u00f6sen k\u00e9pezik a skeleton axial\u00e9t.<\/p>\n","protected":false},"excerpt":{"rendered":"<p>&lt;span&#8221;&gt;A fejezet a t\u00f6rzs, valamint a nyak csontjaival, \u00edz\u00fcleteivel, az azokra hat\u00f3 izmokkal foglalkozik. T\u00e1rgyal\u00e1sra ker\u00fclnek m\u00e9g a fejezetben a t\u00f6rzsh\u00f6z \u00e9s nyakhoz tartoz\u00f3 fontosabb erek \u00e9s idegek, valamint r\u00e9gi\u00f3k. A t\u00f6rzs \u00e9s a nyak ter\u00fclet\u00e9n tal\u00e1lhat\u00f3 bels\u0151 szervek (zsigerek) t\u00e1rgyal\u00e1sa a 2. fejezet (Zsigertan) alfejezeteiben t\u00f6rt\u00e9nik.<\/p>\n","protected":false},"featured_media":2411,"comment_status":"open","ping_status":"closed","template":"","meta":[],"product_brand":[],"product_cat":[220,221],"product_tag":[177,180,181],"class_list":{"0":"post-2407","1":"product","2":"type-product","3":"status-publish","4":"has-post-thumbnail","6":"product_cat-anatomia-tulelokonyv","7":"product_cat-a-vazrendszer-anatomiajat-targyalo-fejezetek","8":"product_tag-makroszkopos-anatomia-1","9":"product_tag-torzs","10":"product_tag-vazrendszer","12":"first","13":"instock","14":"downloadable","15":"virtual","16":"purchasable","17":"product-type-simple"},"jetpack_sharing_enabled":true,"_links":{"self":[{"href":"https:\/\/anatjegyzet.hu\/index.php?rest_route=\/wp\/v2\/product\/2407","targetHints":{"allow":["GET"]}}],"collection":[{"href":"https:\/\/anatjegyzet.hu\/index.php?rest_route=\/wp\/v2\/product"}],"about":[{"href":"https:\/\/anatjegyzet.hu\/index.php?rest_route=\/wp\/v2\/types\/product"}],"replies":[{"embeddable":true,"href":"https:\/\/anatjegyzet.hu\/index.php?rest_route=%2Fwp%2Fv2%2Fcomments&post=2407"}],"wp:featuredmedia":[{"embeddable":true,"href":"https:\/\/anatjegyzet.hu\/index.php?rest_route=\/wp\/v2\/media\/2411"}],"wp:attachment":[{"href":"https:\/\/anatjegyzet.hu\/index.php?rest_route=%2Fwp%2Fv2%2Fmedia&parent=2407"}],"wp:term":[{"taxonomy":"product_brand","embeddable":true,"href":"https:\/\/anatjegyzet.hu\/index.php?rest_route=%2Fwp%2Fv2%2Fproduct_brand&post=2407"},{"taxonomy":"product_cat","embeddable":true,"href":"https:\/\/anatjegyzet.hu\/index.php?rest_route=%2Fwp%2Fv2%2Fproduct_cat&post=2407"},{"taxonomy":"product_tag","embeddable":true,"href":"https:\/\/anatjegyzet.hu\/index.php?rest_route=%2Fwp%2Fv2%2Fproduct_tag&post=2407"}],"curies":[{"name":"wp","href":"https:\/\/api.w.org\/{rel}","templated":true}]}}