{"id":2485,"date":"2020-11-28T16:11:09","date_gmt":"2020-11-28T16:11:09","guid":{"rendered":"http:\/\/anatjegyzet.hu\/?post_type=product&#038;p=2485"},"modified":"2025-08-28T14:23:41","modified_gmt":"2025-08-28T14:23:41","slug":"a-koponya-es-a-fej-anatomiaja","status":"publish","type":"product","link":"https:\/\/anatjegyzet.hu\/?product=a-koponya-es-a-fej-anatomiaja","title":{"rendered":"1d. fejezet &#8211; A koponya \u00e9s a fej anat\u00f3mi\u00e1ja"},"content":{"rendered":"<p>A koponya (cranium), mely a gerincoszlop tetej\u00e9n foglal helyet, r\u00e9szben az agy \u00e9s f\u00fcggel\u00e9keinek, r\u00e9szben az em\u00e9szt\u0151- \u00e9s l\u00e9gz\u0151rendszer feji r\u00e9sz\u00e9nek csontos v\u00e9delme miatt fontos. Ugyancsak fontos a koponya ismerete az emberre jellemz\u0151, kommunik\u00e1ci\u00f3ban igen nagy szerepet kap\u00f3 arc anat\u00f3mi\u00e1ja miatt.<\/p>\n<p>A koponyacsontok alapj\u00e1n k\u00e9t nagyobb r\u00e9szre oszthatjuk az emberi kopony\u00e1t: a nagyobb, g\u00f6mb alakra eml\u00e9keztet\u0151 agykopony\u00e1ra (neurocranium), valamint az ett\u0151l el\u0151re \u00e9s lefel\u00e9 elhelyezked\u0151, az arc alkot\u00e1s\u00e1ban r\u00e9sztvev\u0151 arckopony\u00e1ra (viscerocranium). Az emberi fajra jellemz\u0151, hogy a neurocranium m\u00e9rete igencsak meghaladja a viscerocranium\u00e9t.<\/p>\n","protected":false},"excerpt":{"rendered":"<p>Az Anat\u00f3mia T\u00fal\u00e9l\u0151k\u00f6nyv 1d. fejezete a koponya csontjaival \u00e9s \u00edz\u00fcleteivel, a fej izmaival, valamint ereivel \u00e9s idegeivel foglalkozik. Ugyancsak t\u00e1rgyal\u00e1sra ker\u00fclnek a koponya \u00e9s a fej egyes specifikus t\u00e9rs\u00e9gei is.<\/p>\n","protected":false},"featured_media":2488,"comment_status":"open","ping_status":"closed","template":"","meta":[],"product_brand":[],"product_cat":[220,221],"product_tag":[177,181],"class_list":{"0":"post-2485","1":"product","2":"type-product","3":"status-publish","4":"has-post-thumbnail","6":"product_cat-anatomia-tulelokonyv","7":"product_cat-a-vazrendszer-anatomiajat-targyalo-fejezetek","8":"product_tag-makroszkopos-anatomia-1","9":"product_tag-vazrendszer","11":"first","12":"instock","13":"downloadable","14":"virtual","15":"purchasable","16":"product-type-simple"},"jetpack_sharing_enabled":true,"_links":{"self":[{"href":"https:\/\/anatjegyzet.hu\/index.php?rest_route=\/wp\/v2\/product\/2485","targetHints":{"allow":["GET"]}}],"collection":[{"href":"https:\/\/anatjegyzet.hu\/index.php?rest_route=\/wp\/v2\/product"}],"about":[{"href":"https:\/\/anatjegyzet.hu\/index.php?rest_route=\/wp\/v2\/types\/product"}],"replies":[{"embeddable":true,"href":"https:\/\/anatjegyzet.hu\/index.php?rest_route=%2Fwp%2Fv2%2Fcomments&post=2485"}],"wp:featuredmedia":[{"embeddable":true,"href":"https:\/\/anatjegyzet.hu\/index.php?rest_route=\/wp\/v2\/media\/2488"}],"wp:attachment":[{"href":"https:\/\/anatjegyzet.hu\/index.php?rest_route=%2Fwp%2Fv2%2Fmedia&parent=2485"}],"wp:term":[{"taxonomy":"product_brand","embeddable":true,"href":"https:\/\/anatjegyzet.hu\/index.php?rest_route=%2Fwp%2Fv2%2Fproduct_brand&post=2485"},{"taxonomy":"product_cat","embeddable":true,"href":"https:\/\/anatjegyzet.hu\/index.php?rest_route=%2Fwp%2Fv2%2Fproduct_cat&post=2485"},{"taxonomy":"product_tag","embeddable":true,"href":"https:\/\/anatjegyzet.hu\/index.php?rest_route=%2Fwp%2Fv2%2Fproduct_tag&post=2485"}],"curies":[{"name":"wp","href":"https:\/\/api.w.org\/{rel}","templated":true}]}}