{"id":2653,"date":"2020-12-21T17:34:00","date_gmt":"2020-12-21T17:34:00","guid":{"rendered":"http:\/\/anatjegyzet.hu\/?post_type=product&#038;p=2653"},"modified":"2025-08-28T14:24:12","modified_gmt":"2025-08-28T14:24:12","slug":"2b-fejezet-a-keringesi-rendszer-anatomiaja","status":"publish","type":"product","link":"https:\/\/anatjegyzet.hu\/?product=2b-fejezet-a-keringesi-rendszer-anatomiaja","title":{"rendered":"2b. fejezet &#8211; A kering\u00e9si rendszer anat\u00f3mi\u00e1ja"},"content":{"rendered":"<p><strong>A kering\u00e9si rendszer \u00e1ltal\u00e1nos jellemz\u0151i<\/strong><\/p>\n<p>A fejezetben szem\u00fcgyre vessz\u00fck a sz\u00edv falszerkezet\u00e9t, \u00fcregeinek anat\u00f3mi\u00e1j\u00e1t, valamint a sz\u00edv helyzet\u00e9t a mellkasban. A sz\u00edv t\u00e1rgyal\u00e1sa el\u0151tt azonban le kell fektetn\u00fcnk n\u00e9h\u00e1ny alapelvet az emberi kering\u00e9si rendszerrel kapcsolatban.<\/p>\n<p>A sz\u00edv fel\u00e9 v\u00e9rt sz\u00e1ll\u00edt\u00f3 ereket v\u00e9n\u00e1knak, vagyis visszereknek nevezz\u00fck att\u00f3l f\u00fcggetlen\u00fcl, hogy milyen v\u00e9r \u00e1ramlik benn\u00fck. Ez azt jelenti, hogy a jobb pitvarba v\u00e9rt sz\u00e1ll\u00edt\u00f3 v\u00e9n\u00e1k oxig\u00e9n szeg\u00e9ny v\u00e9rt sz\u00e1ll\u00edtanak vissza a testb\u0151l, m\u00edg a bal pitvarba torkoll\u00f3 v\u00e9n\u00e1k oxig\u00e9nben gazdag v\u00e9rt visznek.<\/p>\n<p>A sz\u00edvt\u0151l t\u00e1vol\u00f3d\u00f3 erek egys\u00e9gesen az art\u00e9ria nevet viselik \u2013 ugyancsak tartalmukt\u00f3l f\u00fcggetlen\u00fcl. A test legnagyobb art\u00e9ri\u00e1ja, a bal kamr\u00e1b\u00f3l indul\u00f3 aorta oxig\u00e9nben gazdag v\u00e9rt sz\u00e1ll\u00edt a testbe, m\u00edg a jobb kamr\u00e1b\u00f3l indul\u00f3 truncus pulmonalis n\u00e9vre hallgat\u00f3 art\u00e9ria oxig\u00e9nben szeg\u00e9ny v\u00e9rt visz a t\u00fcd\u0151k ir\u00e1ny\u00e1ba.<\/p>\n<p>L\u00e9v\u00e9n az emberi test v\u00e9n\u00e1inak nagy r\u00e9sz\u00e9t a nagyv\u00e9rk\u00f6rben tal\u00e1ljuk (ami a bal kamr\u00e1t\u00f3l a jobb pitvarig tart), \u00e9s a testb\u0151l az oxig\u00e9n szeg\u00e9ny v\u00e9r visszasz\u00e1ll\u00edt\u00e1s\u00e1t v\u00e9gzik, ez\u00e9rt az oxig\u00e9n szeg\u00e9ny v\u00e9rt szok\u00e1s v\u00e9n\u00e1s v\u00e9rnek nevezni (holott a kisv\u00e9rk\u00f6rben az oxig\u00e9n szeg\u00e9ny v\u00e9r pont, hogy az art\u00e9ri\u00e1kban \u00e1ramlik!). Ugyancsak igaz ez az art\u00e9ri\u00e1kra: mivel a test nagy r\u00e9sz\u00fck ugyancsak a nagyv\u00e9rk\u00f6rben tal\u00e1lhat\u00f3, \u00e9s a sz\u00edvb\u0151l sz\u00e1ll\u00edtanak oxig\u00e9n gazdag v\u00e9rt a testbe, ez\u00e9rt az oxig\u00e9n gazdag v\u00e9rt mint art\u00e9ri\u00e1s v\u00e9rt eml\u00edtj\u00fck (holott a kisv\u00e9rk\u00f6rben pont a v\u00e9n\u00e1kban \u00e1ramlik, a t\u00fcd\u0151kb\u0151l visszafel\u00e9!).<\/p>\n","protected":false},"excerpt":{"rendered":"<p>A 2b fejezet a mellkas zsigereinek t\u00e1rgyal\u00e1s\u00e1ban a l\u00e9gz\u0151rendszer ut\u00e1n k\u00f6vetkez\u0151 nagy t\u00e9mak\u00f6rt, a kering\u00e9si rendszer \u00f6sszefoglal\u00e1s\u00e1t \u00f6leli fel.<\/p>\n","protected":false},"featured_media":2655,"comment_status":"open","ping_status":"closed","template":"","meta":[],"product_brand":[],"product_cat":[220,222],"product_tag":[178,184,183],"class_list":{"0":"post-2653","1":"product","2":"type-product","3":"status-publish","4":"has-post-thumbnail","6":"product_cat-anatomia-tulelokonyv","7":"product_cat-a-belso-szervek-anatomiajat-targyalo-fejezetek","8":"product_tag-makroszkopos-anatomia-2","9":"product_tag-sziv","10":"product_tag-zsigertan","12":"first","13":"instock","14":"downloadable","15":"virtual","16":"purchasable","17":"product-type-simple"},"jetpack_sharing_enabled":true,"_links":{"self":[{"href":"https:\/\/anatjegyzet.hu\/index.php?rest_route=\/wp\/v2\/product\/2653","targetHints":{"allow":["GET"]}}],"collection":[{"href":"https:\/\/anatjegyzet.hu\/index.php?rest_route=\/wp\/v2\/product"}],"about":[{"href":"https:\/\/anatjegyzet.hu\/index.php?rest_route=\/wp\/v2\/types\/product"}],"replies":[{"embeddable":true,"href":"https:\/\/anatjegyzet.hu\/index.php?rest_route=%2Fwp%2Fv2%2Fcomments&post=2653"}],"wp:featuredmedia":[{"embeddable":true,"href":"https:\/\/anatjegyzet.hu\/index.php?rest_route=\/wp\/v2\/media\/2655"}],"wp:attachment":[{"href":"https:\/\/anatjegyzet.hu\/index.php?rest_route=%2Fwp%2Fv2%2Fmedia&parent=2653"}],"wp:term":[{"taxonomy":"product_brand","embeddable":true,"href":"https:\/\/anatjegyzet.hu\/index.php?rest_route=%2Fwp%2Fv2%2Fproduct_brand&post=2653"},{"taxonomy":"product_cat","embeddable":true,"href":"https:\/\/anatjegyzet.hu\/index.php?rest_route=%2Fwp%2Fv2%2Fproduct_cat&post=2653"},{"taxonomy":"product_tag","embeddable":true,"href":"https:\/\/anatjegyzet.hu\/index.php?rest_route=%2Fwp%2Fv2%2Fproduct_tag&post=2653"}],"curies":[{"name":"wp","href":"https:\/\/api.w.org\/{rel}","templated":true}]}}