{"id":2827,"date":"2021-02-21T18:14:36","date_gmt":"2021-02-21T18:14:36","guid":{"rendered":"http:\/\/anatjegyzet.hu\/?post_type=product&#038;p=2827"},"modified":"2025-08-28T14:24:06","modified_gmt":"2025-08-28T14:24:06","slug":"2a-fejezet-a-legzorendszer-anatomiaja","status":"publish","type":"product","link":"https:\/\/anatjegyzet.hu\/?product=2a-fejezet-a-legzorendszer-anatomiaja","title":{"rendered":"2a. fejezet \u2013 A l\u00e9gz\u0151rendszer anat\u00f3mi\u00e1ja"},"content":{"rendered":"<p>Az emberi l\u00e9gz\u0151rendszert feloszthatjuk az als\u00f3, valamint fels\u0151 l\u00e9gutakra. El\u0151bbi a narisokkal kezd\u0151d\u0151 orr\u00fcregt\u0151l eg\u00e9szen a g\u00e9g\u00e9ig tart, m\u00edg ut\u00f3bbi mag\u00e1ba foglalja a l\u00e9gcs\u00f6vet (trachea), valamint a t\u00fcd\u0151 l\u00e9g\u00fatjait \u00e9s a l\u00e9gh\u00f3lyagokat (alveolus). A fejezetben a fels\u0151 l\u00e9gutak fel\u0151l haladunk az als\u00f3 l\u00e9gutak ir\u00e1ny\u00e1ba.<\/p>\n","protected":false},"excerpt":{"rendered":"<p>A 2a fejezet a l\u00e9g- \u00e9s g\u00e1zcser\u00e9hez, valamint a hangk\u00e9pz\u00e9shez kapcsol\u00f3d\u00f3 szerveket (az orr\u00fcreget, g\u00e9g\u00e9t, l\u00e9gcs\u00f6vet, t\u00fcd\u0151t), azok testen bel\u00fcli elhelyezked\u00e9s\u00e9t, m\u00e1s szervekhez val\u00f3 viszony\u00e1t t\u00e1rgyalja.<\/p>\n","protected":false},"featured_media":2550,"comment_status":"open","ping_status":"closed","template":"","meta":[],"product_brand":[],"product_cat":[220,222],"product_tag":[186,178,185],"class_list":{"0":"post-2827","1":"product","2":"type-product","3":"status-publish","4":"has-post-thumbnail","6":"product_cat-anatomia-tulelokonyv","7":"product_cat-a-belso-szervek-anatomiajat-targyalo-fejezetek","8":"product_tag-legzorendszer","9":"product_tag-makroszkopos-anatomia-2","10":"product_tag-tudo","12":"first","13":"instock","14":"downloadable","15":"virtual","16":"purchasable","17":"product-type-simple"},"jetpack_sharing_enabled":true,"_links":{"self":[{"href":"https:\/\/anatjegyzet.hu\/index.php?rest_route=\/wp\/v2\/product\/2827","targetHints":{"allow":["GET"]}}],"collection":[{"href":"https:\/\/anatjegyzet.hu\/index.php?rest_route=\/wp\/v2\/product"}],"about":[{"href":"https:\/\/anatjegyzet.hu\/index.php?rest_route=\/wp\/v2\/types\/product"}],"replies":[{"embeddable":true,"href":"https:\/\/anatjegyzet.hu\/index.php?rest_route=%2Fwp%2Fv2%2Fcomments&post=2827"}],"wp:featuredmedia":[{"embeddable":true,"href":"https:\/\/anatjegyzet.hu\/index.php?rest_route=\/wp\/v2\/media\/2550"}],"wp:attachment":[{"href":"https:\/\/anatjegyzet.hu\/index.php?rest_route=%2Fwp%2Fv2%2Fmedia&parent=2827"}],"wp:term":[{"taxonomy":"product_brand","embeddable":true,"href":"https:\/\/anatjegyzet.hu\/index.php?rest_route=%2Fwp%2Fv2%2Fproduct_brand&post=2827"},{"taxonomy":"product_cat","embeddable":true,"href":"https:\/\/anatjegyzet.hu\/index.php?rest_route=%2Fwp%2Fv2%2Fproduct_cat&post=2827"},{"taxonomy":"product_tag","embeddable":true,"href":"https:\/\/anatjegyzet.hu\/index.php?rest_route=%2Fwp%2Fv2%2Fproduct_tag&post=2827"}],"curies":[{"name":"wp","href":"https:\/\/api.w.org\/{rel}","templated":true}]}}