{"id":2986,"date":"2021-06-21T15:02:25","date_gmt":"2021-06-21T15:02:25","guid":{"rendered":"http:\/\/anatjegyzet.hu\/?post_type=product&#038;p=2986"},"modified":"2025-08-28T14:24:18","modified_gmt":"2025-08-28T14:24:18","slug":"2c-fejezet-az-emesztorendszer-anatomiaja","status":"publish","type":"product","link":"https:\/\/anatjegyzet.hu\/?product=2c-fejezet-az-emesztorendszer-anatomiaja","title":{"rendered":"2c. fejezet \u2013 Az em\u00e9szt\u0151rendszer anat\u00f3mi\u00e1ja"},"content":{"rendered":"<p>Az em\u00e9szt\u0151rendszer (<strong>systema digestorium<\/strong>) az emberi test sz\u00e1jny\u00edl\u00e1st\u00f3l v\u00e9gb\u00e9lny\u00edl\u00e1sig tart\u00f3, cs\u0151szer\u0171 k\u00e9pz\u0151dm\u00e9nye, melyhez sz\u00e1mtalan kieg\u00e9sz\u00edt\u0151, p\u00e9ld\u00e1ul em\u00e9szt\u0151nedveket termel\u0151 mirigy kapcsol\u00f3dik.<\/p>\n<p>A fejezetben k\u00e9t r\u00e9szletben t\u00e1rgyaljuk az em\u00e9szt\u0151rendszer anat\u00f3mi\u00e1j\u00e1t, a falat \u00fatj\u00e1nak megfelel\u0151en haladva: el\u0151sz\u00f6r az em\u00e9szt\u0151rendszer fej-nyaki, \u00e9s mellkasi szakasz\u00e1nak szerveit, valamint azok v\u00e9rell\u00e1t\u00e1s\u00e1t \u00e9s beidegz\u00e9s\u00e9t vessz\u00fck szem\u00fcgyre. Ezut\u00e1n az em\u00e9szt\u0151rendszer hasi szakasz\u00e1nak t\u00e1rgyal\u00e1sa k\u00f6vetkezik. A fejezetet a hash\u00e1rtya eg\u00e9sz\u00e9nek, valamint az egyes szervek hash\u00e1rtyaviszonyainak t\u00e1rgyal\u00e1s\u00e1val, az egyes hash\u00e1rtya kett\u0151zetek tartalm\u00e1nak \u00f6sszefoglal\u00e1s\u00e1val z\u00e1rjuk.<\/p>\n","protected":false},"excerpt":{"rendered":"<p>A 2c fejezet az em\u00e9szt\u0151rendszer lumenes szerveit valamint az azokhoz kapcsol\u00f3d\u00f3 nagy em\u00e9szt\u0151mirigyeket t\u00e1rgyalja, v\u00e9rell\u00e1t\u00e1sukkal, beidegz\u00e9s\u00fckkel egy\u00fctt. A fejezet a has\u0171ri szervek felsz\u00edni vet\u00fclet\u00e9vel, a klinikai diagnosztik\u00e1ban fontos t\u00e1j\u00e9koz\u00f3d\u00e1si pontok t\u00e1rgyal\u00e1s\u00e1val z\u00e1rul.<\/p>\n<p>A jegyzet m\u00e9rete miatt a let\u00f6lt\u00e9s a megszokottn\u00e1l t\u00f6bb id\u0151t vehet ig\u00e9nybe.<\/p>\n","protected":false},"featured_media":2992,"comment_status":"open","ping_status":"closed","template":"","meta":[],"product_brand":[],"product_cat":[220,222],"product_tag":[193,178],"class_list":{"0":"post-2986","1":"product","2":"type-product","3":"status-publish","4":"has-post-thumbnail","6":"product_cat-anatomia-tulelokonyv","7":"product_cat-a-belso-szervek-anatomiajat-targyalo-fejezetek","8":"product_tag-emesztorendszer","9":"product_tag-makroszkopos-anatomia-2","11":"first","12":"instock","13":"downloadable","14":"virtual","15":"purchasable","16":"product-type-simple"},"jetpack_sharing_enabled":true,"_links":{"self":[{"href":"https:\/\/anatjegyzet.hu\/index.php?rest_route=\/wp\/v2\/product\/2986","targetHints":{"allow":["GET"]}}],"collection":[{"href":"https:\/\/anatjegyzet.hu\/index.php?rest_route=\/wp\/v2\/product"}],"about":[{"href":"https:\/\/anatjegyzet.hu\/index.php?rest_route=\/wp\/v2\/types\/product"}],"replies":[{"embeddable":true,"href":"https:\/\/anatjegyzet.hu\/index.php?rest_route=%2Fwp%2Fv2%2Fcomments&post=2986"}],"wp:featuredmedia":[{"embeddable":true,"href":"https:\/\/anatjegyzet.hu\/index.php?rest_route=\/wp\/v2\/media\/2992"}],"wp:attachment":[{"href":"https:\/\/anatjegyzet.hu\/index.php?rest_route=%2Fwp%2Fv2%2Fmedia&parent=2986"}],"wp:term":[{"taxonomy":"product_brand","embeddable":true,"href":"https:\/\/anatjegyzet.hu\/index.php?rest_route=%2Fwp%2Fv2%2Fproduct_brand&post=2986"},{"taxonomy":"product_cat","embeddable":true,"href":"https:\/\/anatjegyzet.hu\/index.php?rest_route=%2Fwp%2Fv2%2Fproduct_cat&post=2986"},{"taxonomy":"product_tag","embeddable":true,"href":"https:\/\/anatjegyzet.hu\/index.php?rest_route=%2Fwp%2Fv2%2Fproduct_tag&post=2986"}],"curies":[{"name":"wp","href":"https:\/\/api.w.org\/{rel}","templated":true}]}}