{"id":3009,"date":"2021-06-27T15:36:42","date_gmt":"2021-06-27T15:36:42","guid":{"rendered":"http:\/\/anatjegyzet.hu\/?post_type=product&#038;p=3009"},"modified":"2025-08-28T14:22:54","modified_gmt":"2025-08-28T14:22:54","slug":"jegyzetcsomag-1-a-vazrendszer-anatomiaja","status":"publish","type":"product","link":"https:\/\/anatjegyzet.hu\/?product=jegyzetcsomag-1-a-vazrendszer-anatomiaja","title":{"rendered":"1. r\u00e9sz &#8211; A v\u00e1zrendszer anat\u00f3mi\u00e1ja"},"content":{"rendered":"","protected":false},"excerpt":{"rendered":"<p>A v\u00e1zrendszer anat\u00f3mi\u00e1j\u00e1t t\u00e1rgyal\u00f3 r\u00e9sz nem \u00f6n\u00e1ll\u00f3 jegyzet, hanem az al\u00e1bbi alfejezetekb\u0151l \u00f6ssze\u00e1ll\u00f3 jegyzetcsomag:<\/p>\n<ul>\n<li>Bevezet\u0151 &#8211; \u00c1ltal\u00e1nos anat\u00f3mia<\/li>\n<li>1a. fejezet &#8211; A fels\u0151 v\u00e9gtag anat\u00f3mi\u00e1ja<\/li>\n<li>1b. fejezet &#8211; Az als\u00f3 v\u00e9gtag anat\u00f3mi\u00e1ja<\/li>\n<li>1c. fejezet &#8211; A t\u00f6rzs \u00e9s a nyak anat\u00f3mi\u00e1ja<\/li>\n<li>1d. fejezet &#8211; A koponya \u00e9s a fej anat\u00f3mi\u00e1ja<\/li>\n<\/ul>\n<p>A gyorsabb el\u00e9rhet\u0151s\u00e9g \u00e9rdek\u00e9ben a jegyzetcsomaghoz tartoz\u00f3 egyes alfejezetek a megv\u00e1s\u00e1rl\u00e1s ut\u00e1n egyes\u00e9vel t\u00f6lthet\u0151ek le.<\/p>\n","protected":false},"featured_media":3104,"comment_status":"open","ping_status":"closed","template":"","meta":[],"product_brand":[],"product_cat":[220,224],"product_tag":[194,177,181],"class_list":{"0":"post-3009","1":"product","2":"type-product","3":"status-publish","4":"has-post-thumbnail","6":"product_cat-anatomia-tulelokonyv","7":"product_cat-teljes-tulelokonyv-reszek","8":"product_tag-jegyzetcsomag","9":"product_tag-makroszkopos-anatomia-1","10":"product_tag-vazrendszer","12":"first","13":"instock","14":"downloadable","15":"virtual","16":"purchasable","17":"product-type-simple"},"jetpack_sharing_enabled":true,"_links":{"self":[{"href":"https:\/\/anatjegyzet.hu\/index.php?rest_route=\/wp\/v2\/product\/3009","targetHints":{"allow":["GET"]}}],"collection":[{"href":"https:\/\/anatjegyzet.hu\/index.php?rest_route=\/wp\/v2\/product"}],"about":[{"href":"https:\/\/anatjegyzet.hu\/index.php?rest_route=\/wp\/v2\/types\/product"}],"replies":[{"embeddable":true,"href":"https:\/\/anatjegyzet.hu\/index.php?rest_route=%2Fwp%2Fv2%2Fcomments&post=3009"}],"wp:featuredmedia":[{"embeddable":true,"href":"https:\/\/anatjegyzet.hu\/index.php?rest_route=\/wp\/v2\/media\/3104"}],"wp:attachment":[{"href":"https:\/\/anatjegyzet.hu\/index.php?rest_route=%2Fwp%2Fv2%2Fmedia&parent=3009"}],"wp:term":[{"taxonomy":"product_brand","embeddable":true,"href":"https:\/\/anatjegyzet.hu\/index.php?rest_route=%2Fwp%2Fv2%2Fproduct_brand&post=3009"},{"taxonomy":"product_cat","embeddable":true,"href":"https:\/\/anatjegyzet.hu\/index.php?rest_route=%2Fwp%2Fv2%2Fproduct_cat&post=3009"},{"taxonomy":"product_tag","embeddable":true,"href":"https:\/\/anatjegyzet.hu\/index.php?rest_route=%2Fwp%2Fv2%2Fproduct_tag&post=3009"}],"curies":[{"name":"wp","href":"https:\/\/api.w.org\/{rel}","templated":true}]}}