{"id":3245,"date":"2022-01-02T17:53:56","date_gmt":"2022-01-02T17:53:56","guid":{"rendered":"https:\/\/anatjegyzet.hu\/?post_type=product&#038;p=3245"},"modified":"2025-08-28T14:24:26","modified_gmt":"2025-08-28T14:24:26","slug":"2d-fejezet-az-urogenitalis-rendszer-anatomiaja-noi-borito","status":"publish","type":"product","link":"https:\/\/anatjegyzet.hu\/?product=2d-fejezet-az-urogenitalis-rendszer-anatomiaja-noi-borito","title":{"rendered":"2d. fejezet \u2013 Az urogenitalis rendszer anat\u00f3mi\u00e1ja"},"content":{"rendered":"<p>A vizeleti rendszer (<strong>systema urinarium<\/strong>) az emberi test anyagcsere term\u00e9keinek kiv\u00e1laszt\u00e1s\u00e1\u00e9rt felel\u0151s szervrendszer, mely a szervezet s\u00f3- \u00e9s folyad\u00e9kh\u00e1ztart\u00e1s\u00e1nak egyik legfontosabb szab\u00e1lyoz\u00f3ja. A kiv\u00e1laszt\u00e1s\u00e9rt a ves\u00e9k (<strong>ren<\/strong>) felel\u0151sek, m\u00edg a szervrendszer t\u00f6bbi szerve (h\u00fagyvezet\u00e9kek, h\u00fagyh\u00f3lyag, h\u00fagycs\u0151), a keletkezett vizelet elvezet\u00e9s\u00e9t \u00e9s \u00e1tmeneti t\u00e1rol\u00e1s\u00e1t v\u00e9gzi.<\/p>\n<p>A vizeleti szervrendszer fejl\u0151d\u00e9se az ivarrendszerrel szorosan kapcsolt, \u00edgy a k\u00e9t nemben olykor elt\u00e9r\u0151 morfol\u00f3gi\u00e1t mutathatnak (ld. a h\u00fagycs\u0151 anat\u00f3mi\u00e1j\u00e1n\u00e1l).<\/p>\n","protected":false},"excerpt":{"rendered":"<p>A 2d fejezet a h\u00fagyivari rendszer szerveit, azok v\u00e9rell\u00e1t\u00e1s\u00e1t, beidegz\u00e9s\u00e9t, valamint a g\u00e1tt\u00e1j\u00e9k szerkezet\u00e9t t\u00e1rgyalja.<\/p>\n","protected":false},"featured_media":3258,"comment_status":"open","ping_status":"closed","template":"","meta":[],"product_brand":[],"product_cat":[220,222],"product_tag":[196,178],"class_list":{"0":"post-3245","1":"product","2":"type-product","3":"status-publish","4":"has-post-thumbnail","6":"product_cat-anatomia-tulelokonyv","7":"product_cat-a-belso-szervek-anatomiajat-targyalo-fejezetek","8":"product_tag-hugyivarirendszer","9":"product_tag-makroszkopos-anatomia-2","11":"first","12":"instock","13":"downloadable","14":"virtual","15":"purchasable","16":"product-type-simple"},"jetpack_sharing_enabled":true,"_links":{"self":[{"href":"https:\/\/anatjegyzet.hu\/index.php?rest_route=\/wp\/v2\/product\/3245","targetHints":{"allow":["GET"]}}],"collection":[{"href":"https:\/\/anatjegyzet.hu\/index.php?rest_route=\/wp\/v2\/product"}],"about":[{"href":"https:\/\/anatjegyzet.hu\/index.php?rest_route=\/wp\/v2\/types\/product"}],"replies":[{"embeddable":true,"href":"https:\/\/anatjegyzet.hu\/index.php?rest_route=%2Fwp%2Fv2%2Fcomments&post=3245"}],"wp:featuredmedia":[{"embeddable":true,"href":"https:\/\/anatjegyzet.hu\/index.php?rest_route=\/wp\/v2\/media\/3258"}],"wp:attachment":[{"href":"https:\/\/anatjegyzet.hu\/index.php?rest_route=%2Fwp%2Fv2%2Fmedia&parent=3245"}],"wp:term":[{"taxonomy":"product_brand","embeddable":true,"href":"https:\/\/anatjegyzet.hu\/index.php?rest_route=%2Fwp%2Fv2%2Fproduct_brand&post=3245"},{"taxonomy":"product_cat","embeddable":true,"href":"https:\/\/anatjegyzet.hu\/index.php?rest_route=%2Fwp%2Fv2%2Fproduct_cat&post=3245"},{"taxonomy":"product_tag","embeddable":true,"href":"https:\/\/anatjegyzet.hu\/index.php?rest_route=%2Fwp%2Fv2%2Fproduct_tag&post=3245"}],"curies":[{"name":"wp","href":"https:\/\/api.w.org\/{rel}","templated":true}]}}