{"id":3288,"date":"2022-05-13T08:30:29","date_gmt":"2022-05-13T08:30:29","guid":{"rendered":"https:\/\/anatjegyzet.hu\/?post_type=product&#038;p=3288"},"modified":"2025-08-28T14:25:25","modified_gmt":"2025-08-28T14:25:25","slug":"3e-fejezet-az-erzekszervek-anatomiaja","status":"publish","type":"product","link":"https:\/\/anatjegyzet.hu\/?product=3e-fejezet-az-erzekszervek-anatomiaja","title":{"rendered":"3e. fejezet \u2013 Az \u00e9rz\u00e9kszervek anat\u00f3mi\u00e1ja"},"content":{"rendered":"<p><strong>Az \u00e9rz\u00e9kszervekr\u0151l \u00e1ltal\u00e1noss\u00e1gban<\/strong><\/p>\n<p>Minden \u00e9l\u0151l\u00e9ny elengedhetetlen k\u00e9pess\u00e9ge kell legyen \u2013 ha \u00e9letben akar maradni &#8211; a k\u00f6rnyezet ingereinek, a k\u00f6rnyezet v\u00e1ltoz\u00e1sainak \u00e9rz\u00e9kel\u00e9se, \u00e9s az arra adott, adekv\u00e1t reakci\u00f3. A t\u00f6rzsfejl\u0151d\u00e9s (<em>evol\u00faci\u00f3<\/em>) folyam\u00e1n igen kor\u00e1n (az egysejt\u0171ek k\u00f6z\u00f6tt) megjelent k\u00e9pess\u00e9g (a sejt egyik \u00e9letjelens\u00e9ge \u2013 az <em>ingerl\u00e9kenys\u00e9g<\/em>) azt\u00e1n az \u00e9vmilli\u00f3k alatt az \u00e1llatvil\u00e1gban a k\u00fclvil\u00e1g &#8211; \u00e9s a belvil\u00e1g &#8211; egyes ingereire specializ\u00e1l\u00f3dott, n\u00e9ha igen \u00f6sszetett szerkezetek kialakul\u00e1s\u00e1hoz vezetett.<\/p>\n<p>A k\u00f6rnyezet \u00e9rz\u00e9kel\u00e9s\u00e9re \u00e9s az arra adott v\u00e1lasz kialak\u00edt\u00e1s\u00e1ra kifejl\u0151d\u00f6tt legegyszer\u0171bb szerkezet a reflexk\u00f6r, mely m\u00e1r a gimn\u00e1ziumb\u00f3l ismert f\u0151 r\u00e9szekb\u0151l \u00e1ll: a receptorb\u00f3l, a bevezet\u0151, avagy afferens sz\u00e1rb\u00f3l, a k\u00f6zpontb\u00f3l, a kivezet\u0151 (m\u00e1sn\u00e9ven efferens) sz\u00e1rb\u00f3l \u00e9s a v\u00e9grehajt\u00f3 szervb\u0151l\/sz\u00f6vetb\u0151l, vagyis az effektorb\u00f3l.<\/p>\n<p>A <strong>receptor<\/strong> nem m\u00e1s teh\u00e1t, mint egy, a k\u00f6rnyezet fizikai, vagy k\u00e9miai ingereit az idegrendszer sz\u00e1m\u00e1ra az idegeken tov\u00e1bb\u00edthat\u00f3 inger\u00fclett\u00e9 alak\u00edt\u00f3 szerkezet. A receptorok lehetnek maguk a ganglionokban \u00fcl\u0151 <strong>pseudounipolaris idegsejtek<\/strong>, illetve <strong>\u00e9rz\u00e9kh\u00e1m<\/strong><strong>sejtek<\/strong> (ut\u00f3bbiak a fej ter\u00fclet\u00e9re jellemz\u0151ek). A pseudounipolaris idegsejt alkotta receptor lehet maga a csupasz perif\u00e9ri\u00e1s axontermin\u00e1lis (pl. f\u00e1jdalom eset\u00e9n), vagy rendelkezhet t\u00e1maszt\u00f3 sejtekb\u0151l fel\u00e9p\u00fcl\u0151 v\u00e9gk\u00e9sz\u00fcl\u00e9kkel (pl. a nyom\u00e1s \u00e9s tapint\u00e1s receptorai).<\/p>\n","protected":false},"excerpt":{"rendered":"<p>Az \u00e9rz\u00e9kszervek anat\u00f3mi\u00e1ja c. fejezetben t\u00e1rgyal\u00e1sra ker\u00fclnek az egyes \u00e9rz\u00e9kszervek perif\u00e9ri\u00e1s, valamint centr\u00e1lis r\u00e9szei, mind makroszk\u00f3pos, valamint mikroszk\u00f3pos \u00e9rtelemben, v\u00e9rell\u00e1t\u00e1sukkal, beidegz\u00e9s\u00fckkel egy\u00fctt, illetve helyenk\u00e9nt \u00e9lettani kitekint\u00e9st tesz\u00fcnk az adott szerv m\u0171k\u00f6d\u00e9s\u00e9nek tekintet\u00e9ben.<\/p>\n<p>A fejezetben sorban t\u00e1rgyaljuk a l\u00e1t\u00f3szervet \u00e9s a hozz\u00e1 kapcsol\u00f3d\u00f3 l\u00e1t\u00f3p\u00e1ly\u00e1t, majd a l\u00e1t\u00e1s k\u00f6zponti strukt\u00far\u00e1it \u00e9s azok m\u0171k\u00f6d\u00e9s\u00e9t; a l\u00e1t\u00f3szervhez kapcsol\u00f3d\u00f3 reflexeket, valamint a l\u00e1t\u00f3szerv v\u00e9d\u0151berendez\u00e9seit. A hall\u00f3- \u00e9s helyzet\u00e9rz\u0151 szervn\u00e9l hasonl\u00f3 metodik\u00e1t k\u00f6vet\u00fcnk. Ezek ut\u00e1n vessz\u00fck sorra az \u00edz\u00e9rz\u00e9s \u00e9s szagl\u00e1s szerveit \u00e9s k\u00f6zponti strukt\u00far\u00e1ikat. A fejezetet a b\u0151r, mint \u00e9rz\u00e9kszerv t\u00e1rgyal\u00e1s\u00e1val z\u00e1rjuk.<\/p>\n<p>A let\u00f6lt\u00e9s a jegyzet m\u00e9rete miatt a megszokottn\u00e1l kiss\u00e9 hosszabb id\u0151t vehet ig\u00e9nybe.<\/p>\n","protected":false},"featured_media":3289,"comment_status":"open","ping_status":"closed","template":"","meta":[],"product_brand":[],"product_cat":[220,223],"product_tag":[197,182,178],"class_list":{"0":"post-3288","1":"product","2":"type-product","3":"status-publish","4":"has-post-thumbnail","6":"product_cat-anatomia-tulelokonyv","7":"product_cat-az-idegrendszer-anatomiajat-targyalo-fejezetek","8":"product_tag-erzekszervek","9":"product_tag-idegrendszer","10":"product_tag-makroszkopos-anatomia-2","12":"first","13":"instock","14":"downloadable","15":"virtual","16":"purchasable","17":"product-type-simple"},"jetpack_sharing_enabled":true,"_links":{"self":[{"href":"https:\/\/anatjegyzet.hu\/index.php?rest_route=\/wp\/v2\/product\/3288","targetHints":{"allow":["GET"]}}],"collection":[{"href":"https:\/\/anatjegyzet.hu\/index.php?rest_route=\/wp\/v2\/product"}],"about":[{"href":"https:\/\/anatjegyzet.hu\/index.php?rest_route=\/wp\/v2\/types\/product"}],"replies":[{"embeddable":true,"href":"https:\/\/anatjegyzet.hu\/index.php?rest_route=%2Fwp%2Fv2%2Fcomments&post=3288"}],"wp:featuredmedia":[{"embeddable":true,"href":"https:\/\/anatjegyzet.hu\/index.php?rest_route=\/wp\/v2\/media\/3289"}],"wp:attachment":[{"href":"https:\/\/anatjegyzet.hu\/index.php?rest_route=%2Fwp%2Fv2%2Fmedia&parent=3288"}],"wp:term":[{"taxonomy":"product_brand","embeddable":true,"href":"https:\/\/anatjegyzet.hu\/index.php?rest_route=%2Fwp%2Fv2%2Fproduct_brand&post=3288"},{"taxonomy":"product_cat","embeddable":true,"href":"https:\/\/anatjegyzet.hu\/index.php?rest_route=%2Fwp%2Fv2%2Fproduct_cat&post=3288"},{"taxonomy":"product_tag","embeddable":true,"href":"https:\/\/anatjegyzet.hu\/index.php?rest_route=%2Fwp%2Fv2%2Fproduct_tag&post=3288"}],"curies":[{"name":"wp","href":"https:\/\/api.w.org\/{rel}","templated":true}]}}