{"id":4856,"date":"2024-12-07T16:02:34","date_gmt":"2024-12-07T16:02:34","guid":{"rendered":"https:\/\/anatjegyzet.hu\/?post_type=product&#038;p=4856"},"modified":"2025-08-28T14:24:55","modified_gmt":"2025-08-28T14:24:55","slug":"3a-fejezet-a-kozponti-idegrendszer-makroszkopiaja-2024-2","status":"publish","type":"product","link":"https:\/\/anatjegyzet.hu\/?product=3a-fejezet-a-kozponti-idegrendszer-makroszkopiaja-2024-2","title":{"rendered":"3a. fejezet &#8211; A k\u00f6zponti idegrendszer makroszk\u00f3pi\u00e1ja (2024)"},"content":{"rendered":"<p style=\"font-weight: 400;\"><a name=\"_Toc183982318\"><\/a><strong>Ir\u00e1nyok \u00e9s s\u00edkok<\/strong><\/p>\n<p style=\"font-weight: 400;\">A k\u00f6zponti idegrendszer megismer\u00e9s\u00e9hez mindenekel\u0151tt elengedhetetlen az egyes strukt\u00far\u00e1k egym\u00e1shoz viszony\u00edtott helyzet\u00e9nek le\u00edr\u00e1s\u00e1t lehet\u0151v\u00e9 tev\u0151 ir\u00e1nyok \u00e9s s\u00edkok defini\u00e1l\u00e1sa. Az <em>\u00c1ltal\u00e1nos anat\u00f3mia<\/em> c. fejezetben ismertetett alap ir\u00e1nyok \u00e9s s\u00edkok term\u00e9szetesen a k\u00f6zponti idegrendszer eset\u00e9n is \u00e9rv\u00e9nyesek, n\u00e9h\u00e1ny kieg\u00e9sz\u00edt\u00e9ssel.<\/p>\n<p style=\"font-weight: 400;\">Az agy als\u00f3 r\u00e9sz\u00e9nek (ny\u00faltvel\u0151) ir\u00e1ny\u00e1ba es\u0151 k\u00e9pleteket az inferior helyett gyakran a <strong>caudalis<\/strong> jelz\u0151vel illetj\u00fck, m\u00edg az agy fejl\u0151d\u00e9stanilag \u2013 valamint funkcion\u00e1lisan magasabban elhelyezked\u0151 k\u00e9pleteire a <strong>cranialis<\/strong>, vagy <strong>rostralis<\/strong> jelz\u0151vel hivatkozunk. Az <strong>anterior<\/strong> &#8211; <strong>posterior<\/strong>, valamint <strong>superior<\/strong> \u2013 <strong>inferior<\/strong> p\u00e1rokat a testben megismert helyzeteknek megfelel\u0151en haszn\u00e1ljuk, ebb\u0151l kifoly\u00f3lag ami <strong>rostralis<\/strong>, nem biztos, hogy <strong>anterior<\/strong> helyzet\u0171 is egy m\u00e1sik, <strong>caudalis<\/strong>abb k\u00e9plethez viszony\u00edtva (pl. az occipitalis lebeny ugyan <strong>rostralis<\/strong>, de <strong>posterior<\/strong> helyzet\u0171 a ny\u00faltvel\u0151h\u00f6z k\u00e9pest)<\/p>\n<p style=\"font-weight: 400;\">Mivel az agy sz\u00e1mtalan k\u00e9plete a vizsg\u00e1l\u00f3 szem el\u0151l rejtve, annak m\u00e9ly\u00e9n helyezkedik el, tanulm\u00e1nyoz\u00e1sa sor\u00e1n gyakorta alkalmazunk k\u00fcl\u00f6nb\u00f6z\u0151 s\u00edkokban k\u00e9sz\u00fclt metszeteket.<\/p>\n<p style=\"font-weight: 400;\">A testn\u00e9l megismertekhez hasonl\u00f3an a legfontosabb metsz\u00e9si s\u00edkok a <strong>sutura coronalis<\/strong>szal p\u00e1rhuzamosan fut\u00f3 <strong>frontalis<\/strong>, avagy <strong>coronalis<\/strong> <strong>s\u00edk<\/strong> (<strong>planum frontale<\/strong>, vagy <strong>planum coronale<\/strong>), a test k\u00f6z\u00e9pvonal\u00e1ban, a <strong>sutura sagittalis<\/strong>nak megfelel\u0151 <strong>mediansagittalis-<\/strong>, valamint az azzal p\u00e1rhuzamosan halad\u00f3 <strong>paramediansagittalis s\u00edkok<\/strong> (<strong>planum sagittale<\/strong>, <strong>planum medianosagittale<\/strong>, <strong>planum paramediansagittale<\/strong>), valamint a v\u00edzszintesen fut\u00f3 horizontalis, avagy har\u00e1nt s\u00edk (<strong>planum horizontale<\/strong>, <strong>planum transversale<\/strong>).<\/p>\n<p style=\"font-weight: 400;\">Az ezekben a s\u00edkokban k\u00e9sz\u00fclt metszeteket nevezz\u00fck <strong>frontalis<\/strong> (avagy <strong>coronalis<\/strong>), <strong>sagittalis<\/strong> \u00e9s <strong>paramediansagittalis<\/strong>, valamint <strong>horizontalis<\/strong> <strong>metszet<\/strong>eknek. Az agy strukt\u00far\u00e1inak metszeten t\u00f6rt\u00e9n\u0151 felismer\u00e9se a klinikai gyakorlatban m\u00e9g fontosabb mint az anat\u00f3mia tant\u00e1rgy tanul\u00e1sa sor\u00e1n, l\u00e9v\u00e9n \u00e9l\u0151 emberben az agy belsej\u00e9nek egyetlen val\u00f3di vizsg\u00e1lati m\u00f3dj\u00e1t a szeletanat\u00f3miai k\u00e9palkot\u00f3 elj\u00e1r\u00e1sok, \u00fagymint a CT, vagy az MRI adj\u00e1k.<\/p>\n<p style=\"font-weight: 400;\">\n","protected":false},"excerpt":{"rendered":"<p>Az Anat\u00f3mia T\u00fal\u00e9l\u0151k\u00f6nyv 3a. fejezet\u00e9nek \u00faj kiad\u00e1sa a k\u00f6zponti idegrendszer makroszk\u00f3pi\u00e1j\u00e1val foglalkozik. A fejezetben t\u00e1rgyal\u00e1sra ker\u00fcl a gerincvel\u0151 \u00e9s az agy, az agykamr\u00e1k, a k\u00f6zponti idegrendszer v\u00e9rell\u00e1t\u00e1sa, valamint az agyat \u00e9s gerincvel\u0151t k\u00f6r\u00fclvev\u0151 burkok, \u00e9s az azok \u00e1ltal kialak\u00edtott szerkezetek, t\u00e9rs\u00e9gek. Az anyag meg\u00e9rt\u00e9s\u00e9t sz\u00e1mtalan \u00fajragondolt illusztr\u00e1ci\u00f3 seg\u00edti.<\/p>\n","protected":false},"featured_media":4815,"comment_status":"open","ping_status":"closed","template":"","meta":[],"product_brand":[],"product_cat":[220,223],"product_tag":[182,178,179],"class_list":{"0":"post-4856","1":"product","2":"type-product","3":"status-publish","4":"has-post-thumbnail","6":"product_cat-anatomia-tulelokonyv","7":"product_cat-az-idegrendszer-anatomiajat-targyalo-fejezetek","8":"product_tag-idegrendszer","9":"product_tag-makroszkopos-anatomia-2","10":"product_tag-mikroszkopos-anatomia-2","12":"first","13":"instock","14":"downloadable","15":"virtual","16":"purchasable","17":"product-type-simple"},"jetpack_sharing_enabled":true,"_links":{"self":[{"href":"https:\/\/anatjegyzet.hu\/index.php?rest_route=\/wp\/v2\/product\/4856","targetHints":{"allow":["GET"]}}],"collection":[{"href":"https:\/\/anatjegyzet.hu\/index.php?rest_route=\/wp\/v2\/product"}],"about":[{"href":"https:\/\/anatjegyzet.hu\/index.php?rest_route=\/wp\/v2\/types\/product"}],"replies":[{"embeddable":true,"href":"https:\/\/anatjegyzet.hu\/index.php?rest_route=%2Fwp%2Fv2%2Fcomments&post=4856"}],"wp:featuredmedia":[{"embeddable":true,"href":"https:\/\/anatjegyzet.hu\/index.php?rest_route=\/wp\/v2\/media\/4815"}],"wp:attachment":[{"href":"https:\/\/anatjegyzet.hu\/index.php?rest_route=%2Fwp%2Fv2%2Fmedia&parent=4856"}],"wp:term":[{"taxonomy":"product_brand","embeddable":true,"href":"https:\/\/anatjegyzet.hu\/index.php?rest_route=%2Fwp%2Fv2%2Fproduct_brand&post=4856"},{"taxonomy":"product_cat","embeddable":true,"href":"https:\/\/anatjegyzet.hu\/index.php?rest_route=%2Fwp%2Fv2%2Fproduct_cat&post=4856"},{"taxonomy":"product_tag","embeddable":true,"href":"https:\/\/anatjegyzet.hu\/index.php?rest_route=%2Fwp%2Fv2%2Fproduct_tag&post=4856"}],"curies":[{"name":"wp","href":"https:\/\/api.w.org\/{rel}","templated":true}]}}