{"id":5071,"date":"2025-09-11T18:19:31","date_gmt":"2025-09-11T18:19:31","guid":{"rendered":"https:\/\/anatjegyzet.hu\/?post_type=product&#038;p=5071"},"modified":"2026-01-02T19:47:29","modified_gmt":"2026-01-02T19:47:29","slug":"1-fejezet-szovettani-alapok-es-szovettipusok","status":"publish","type":"product","link":"https:\/\/anatjegyzet.hu\/?product=1-fejezet-szovettani-alapok-es-szovettipusok","title":{"rendered":"1. fejezet \u2013 Sz\u00f6vettani alapok \u00e9s sz\u00f6vett\u00edpusok"},"content":{"rendered":"","protected":false},"excerpt":{"rendered":"<p><strong>V\u00e1rhat\u00f3 megjelen\u00e9s:<\/strong> 2026. II. negyed\u00e9v<\/p>\n","protected":false},"featured_media":5065,"comment_status":"open","ping_status":"closed","template":"","meta":[],"product_brand":[],"product_cat":[225],"product_tag":[226],"class_list":{"0":"post-5071","1":"product","2":"type-product","3":"status-publish","4":"has-post-thumbnail","6":"product_cat-szovettan-tulelokonyv","7":"product_tag-szovettan","9":"first","10":"outofstock","11":"downloadable","12":"virtual","13":"purchasable","14":"product-type-simple"},"jetpack_sharing_enabled":true,"_links":{"self":[{"href":"https:\/\/anatjegyzet.hu\/index.php?rest_route=\/wp\/v2\/product\/5071","targetHints":{"allow":["GET"]}}],"collection":[{"href":"https:\/\/anatjegyzet.hu\/index.php?rest_route=\/wp\/v2\/product"}],"about":[{"href":"https:\/\/anatjegyzet.hu\/index.php?rest_route=\/wp\/v2\/types\/product"}],"replies":[{"embeddable":true,"href":"https:\/\/anatjegyzet.hu\/index.php?rest_route=%2Fwp%2Fv2%2Fcomments&post=5071"}],"wp:featuredmedia":[{"embeddable":true,"href":"https:\/\/anatjegyzet.hu\/index.php?rest_route=\/wp\/v2\/media\/5065"}],"wp:attachment":[{"href":"https:\/\/anatjegyzet.hu\/index.php?rest_route=%2Fwp%2Fv2%2Fmedia&parent=5071"}],"wp:term":[{"taxonomy":"product_brand","embeddable":true,"href":"https:\/\/anatjegyzet.hu\/index.php?rest_route=%2Fwp%2Fv2%2Fproduct_brand&post=5071"},{"taxonomy":"product_cat","embeddable":true,"href":"https:\/\/anatjegyzet.hu\/index.php?rest_route=%2Fwp%2Fv2%2Fproduct_cat&post=5071"},{"taxonomy":"product_tag","embeddable":true,"href":"https:\/\/anatjegyzet.hu\/index.php?rest_route=%2Fwp%2Fv2%2Fproduct_tag&post=5071"}],"curies":[{"name":"wp","href":"https:\/\/api.w.org\/{rel}","templated":true}]}}