{"id":5074,"date":"2025-09-11T18:24:36","date_gmt":"2025-09-11T18:24:36","guid":{"rendered":"https:\/\/anatjegyzet.hu\/?post_type=product&#038;p=5074"},"modified":"2026-01-02T19:47:09","modified_gmt":"2026-01-02T19:47:09","slug":"3-fejezet-idegrendszeri-es-neuroendokrin-szovettan","status":"publish","type":"product","link":"https:\/\/anatjegyzet.hu\/?product=3-fejezet-idegrendszeri-es-neuroendokrin-szovettan","title":{"rendered":"3. fejezet \u2013 Idegrendszeri \u00e9s neuroendokrin sz\u00f6vettan"},"content":{"rendered":"","protected":false},"excerpt":{"rendered":"<p><strong>V\u00e1rhat\u00f3 megjelen\u00e9s:<\/strong> 2026. IV. negyed\u00e9v<\/p>\n","protected":false},"featured_media":5062,"comment_status":"open","ping_status":"closed","template":"","meta":[],"product_brand":[227],"product_cat":[225],"product_tag":[226],"class_list":{"0":"post-5074","1":"product","2":"type-product","3":"status-publish","4":"has-post-thumbnail","6":"product_brand-tulelokonyv","7":"product_cat-szovettan-tulelokonyv","8":"product_tag-szovettan","10":"first","11":"outofstock","12":"downloadable","13":"virtual","14":"purchasable","15":"product-type-simple"},"jetpack_sharing_enabled":true,"_links":{"self":[{"href":"https:\/\/anatjegyzet.hu\/index.php?rest_route=\/wp\/v2\/product\/5074","targetHints":{"allow":["GET"]}}],"collection":[{"href":"https:\/\/anatjegyzet.hu\/index.php?rest_route=\/wp\/v2\/product"}],"about":[{"href":"https:\/\/anatjegyzet.hu\/index.php?rest_route=\/wp\/v2\/types\/product"}],"replies":[{"embeddable":true,"href":"https:\/\/anatjegyzet.hu\/index.php?rest_route=%2Fwp%2Fv2%2Fcomments&post=5074"}],"wp:featuredmedia":[{"embeddable":true,"href":"https:\/\/anatjegyzet.hu\/index.php?rest_route=\/wp\/v2\/media\/5062"}],"wp:attachment":[{"href":"https:\/\/anatjegyzet.hu\/index.php?rest_route=%2Fwp%2Fv2%2Fmedia&parent=5074"}],"wp:term":[{"taxonomy":"product_brand","embeddable":true,"href":"https:\/\/anatjegyzet.hu\/index.php?rest_route=%2Fwp%2Fv2%2Fproduct_brand&post=5074"},{"taxonomy":"product_cat","embeddable":true,"href":"https:\/\/anatjegyzet.hu\/index.php?rest_route=%2Fwp%2Fv2%2Fproduct_cat&post=5074"},{"taxonomy":"product_tag","embeddable":true,"href":"https:\/\/anatjegyzet.hu\/index.php?rest_route=%2Fwp%2Fv2%2Fproduct_tag&post=5074"}],"curies":[{"name":"wp","href":"https:\/\/api.w.org\/{rel}","templated":true}]}}